{"id":987,"date":"2024-03-16T20:16:27","date_gmt":"2024-03-16T19:16:27","guid":{"rendered":"https:\/\/terapirummetorebro.se\/?page_id=987"},"modified":"2024-05-07T15:20:25","modified_gmt":"2024-05-07T13:20:25","slug":"integritetspolicy","status":"publish","type":"page","link":"https:\/\/terapirummetorebro.se\/en\/integritetspolicy\/","title":{"rendered":"Sekretess och Integritet"},"content":{"rendered":"\t\t<div data-elementor-type=\"wp-page\" data-elementor-id=\"987\" class=\"elementor elementor-987\">\n\t\t\t\t<div class=\"elementor-element elementor-element-05aa7d8 e-flex e-con-boxed e-con e-parent\" data-id=\"05aa7d8\" data-element_type=\"container\">\n\t\t\t\t\t<div class=\"e-con-inner\">\n\t\t\t\t<div class=\"elementor-element elementor-element-67d3a11 elementor-widget elementor-widget-text-editor\" data-id=\"67d3a11\" data-element_type=\"widget\" data-widget_type=\"text-editor.default\">\n\t\t\t\t<div class=\"elementor-widget-container\">\n\t\t\t\t\t\t\t\t\t<h2><strong>Tystnadsplikt<\/strong><\/h2><p>Jag har tystnadsplikt g\u00e4llande det som du ber\u00e4ttar i rummet. Information om dig kommer ej delas utan ditt direkta medgivande. Undantag g\u00f6rs om det framkommer s\u00e5dan information att du eller n\u00e5gon i din n\u00e4rhet kan komma till skada p\u00e5 grund av ditt m\u00e5ende. Om detta beh\u00f6ver ske kommer du informeras om detta i ditt samtal.<\/p><h2><strong>Journalf\u00f6ring<\/strong><\/h2><p>Jag journalf\u00f6r i CT Notes. Dina journaler \u00e4r s\u00e4krade genom att inlogg sker med BankID. Endast jag kan se din journal och din journal delas inte utan ditt medgivande.<\/p>\t\t\t\t\t\t\t\t<\/div>\n\t\t\t\t<\/div>\n\t\t\t\t\t<\/div>\n\t\t\t\t<\/div>\n\t\t<div class=\"elementor-element elementor-element-2d33304 e-flex e-con-boxed e-con e-parent\" data-id=\"2d33304\" data-element_type=\"container\">\n\t\t\t\t\t<div class=\"e-con-inner\">\n\t\t\t\t<div class=\"elementor-element elementor-element-357b492 elementor-widget elementor-widget-heading\" data-id=\"357b492\" data-element_type=\"widget\" data-widget_type=\"heading.default\">\n\t\t\t\t<div class=\"elementor-widget-container\">\n\t\t\t\t\t<h2 class=\"elementor-heading-title elementor-size-default\">Integritetspolicy f\u00f6r Terapirummet \u00d6rebro<\/h2>\t\t\t\t<\/div>\n\t\t\t\t<\/div>\n\t\t\t\t<div class=\"elementor-element elementor-element-cb160ca elementor-widget elementor-widget-text-editor\" data-id=\"cb160ca\" data-element_type=\"widget\" data-widget_type=\"text-editor.default\">\n\t\t\t\t<div class=\"elementor-widget-container\">\n\t\t\t\t\t\t\t\t\t<p>Terapirummet \u00d6rebro v\u00e4rnar om din integritet. Den h\u00e4r integritetspolicyn f\u00f6rklarar hur vi samlar in, anv\u00e4nder och skyddar dina personuppgifter i enlighet med g\u00e4llande lagar och regler kring dataskydd, inklusive den allm\u00e4nna dataskyddsf\u00f6rordningen (GDPR).<\/p><h3>Information vi samlar in<\/h3><h4>Cookies och webbanalys<\/h4><p>F\u00f6r att f\u00f6rb\u00e4ttra v\u00e5r webbplats och de tj\u00e4nster vi erbjuder, anv\u00e4nder Terapirummet \u00d6rebro cookies. Dessa cookies hj\u00e4lper oss att f\u00f6rst\u00e5 hur bes\u00f6kare interagerar med v\u00e5r webbplats, vilket i sin tur m\u00f6jligg\u00f6r f\u00f6r oss att f\u00f6rb\u00e4ttra anv\u00e4ndarupplevelsen och anpassa inneh\u00e5llet efter bes\u00f6karnas behov.<\/p><h4>Personuppgifter<\/h4><p>N\u00e4r du kontaktar Terapirummet \u00d6rebro f\u00f6r att f\u00f6rfr\u00e5ga om v\u00e5ra tj\u00e4nster, kan du komma att dela personuppgifter s\u00e5som ditt namn, e-postadress och andra kontaktuppgifter. Vi samlar endast in de uppgifter som \u00e4r n\u00f6dv\u00e4ndiga f\u00f6r att vi ska kunna tillhandah\u00e5lla v\u00e5ra tj\u00e4nster och kommunicera med dig.<\/p><h3>Hur vi anv\u00e4nder din information<\/h3><p>Vi anv\u00e4nder den information vi samlar in f\u00f6r att:<\/p><ul><li>F\u00f6rst\u00e5 och analysera hur du anv\u00e4nder v\u00e5r webbplats<\/li><li>F\u00f6rb\u00e4ttra v\u00e5r webbplats och de tj\u00e4nster vi erbjuder<\/li><li>Kommunicera med dig, antingen direkt eller genom n\u00e5gon av v\u00e5ra partners, f\u00f6r kundtj\u00e4nst, att uppdatera dig om nya tj\u00e4nster och f\u00f6r marknadsf\u00f6rings\u00e4ndam\u00e5l<\/li><\/ul><h3>Dela information med tredje part<\/h3><p>Vi delar inte dina personuppgifter med n\u00e5gon tredje part, f\u00f6rutom i de fall d\u00e4r vi anv\u00e4nder Google Analytics f\u00f6r att analysera webbtrafiken och vid betald annonsering. Ingen personligt identifierbar information delas i dessa sammanhang.<\/p><h3>Skydd av dina personuppgifter<\/h3><p>Vi vidtar l\u00e4mpliga s\u00e4kerhets\u00e5tg\u00e4rder f\u00f6r att skydda dina personuppgifter mot obeh\u00f6rig \u00e5tkomst, \u00e4ndring, avsl\u00f6jande eller f\u00f6rst\u00f6relse.<\/p><h3>Dina r\u00e4ttigheter<\/h3><p>Som anv\u00e4ndare har du r\u00e4tt att:<\/p><ul><li>Beg\u00e4ra tillg\u00e5ng till de personuppgifter vi har om dig<\/li><li>Beg\u00e4ra r\u00e4ttelse av eventuellt felaktiga uppgifter<\/li><li>Beg\u00e4ra radering av dina personuppgifter<\/li><li>Inv\u00e4nda mot behandling av dina personuppgifter<\/li><\/ul><p>F\u00f6r att ut\u00f6va dessa r\u00e4ttigheter, v\u00e4nligen kontakta v\u00e5r dataskyddsansvarige p\u00e5 <a href=\"mailto:info@terapirummetorebro.se\">info@terapirummetorebro.se<\/a>.<\/p><h3>Datapolicy och lagring<\/h3><p>Terapirummet \u00d6rebro sparar dina personuppgifter endast s\u00e5 l\u00e4nge det \u00e4r n\u00f6dv\u00e4ndigt f\u00f6r de syften som uppgifterna samlades in f\u00f6r.<\/p><h3>\u00c4ndringar i denna policy<\/h3><p>Vi kan komma att uppdatera v\u00e5r integritetspolicy. Den senaste versionen kommer alltid att finnas tillg\u00e4nglig p\u00e5 <a href=\"https:\/\/terapirummetorebro.se\">v\u00e5r webbplats<\/a>.<\/p><p>F\u00f6r fr\u00e5gor eller mer information, v\u00e4nligen kontakta oss p\u00e5 <a href=\"mailto:info@terapirummetorebro.se\">info@terapirummetorebro.se<\/a>.<\/p><p>Denna integritetspolicy \u00e4r en grundl\u00e4ggande mall och b\u00f6r anpassas och kompletteras utifr\u00e5n Terapirummet \u00d6rebros specifika verksamhet och behov.<\/p>\t\t\t\t\t\t\t\t<\/div>\n\t\t\t\t<\/div>\n\t\t\t\t\t<\/div>\n\t\t\t\t<\/div>\n\t\t\t\t<\/div>\n\t\t","protected":false},"excerpt":{"rendered":"<p>Tystnadsplikt Jag har tystnadsplikt g\u00e4llande det som du ber\u00e4ttar i rummet. Information om dig kommer ej delas utan ditt direkta medgivande. Undantag g\u00f6rs om det framkommer s\u00e5dan information att du eller n\u00e5gon i din n\u00e4rhet kan komma till skada p\u00e5 grund av ditt m\u00e5ende. Om detta beh\u00f6ver ske kommer du informeras om detta i ditt&hellip;<\/p>\n","protected":false},"author":2,"featured_media":0,"parent":0,"menu_order":0,"comment_status":"closed","ping_status":"closed","template":"","meta":{"footnotes":""},"class_list":["post-987","page","type-page","status-publish","hentry"],"translation":{"provider":"WPGlobus","version":"3.0.1","language":"en","enabled_languages":["sv","en"],"languages":{"sv":{"title":true,"content":true,"excerpt":false},"en":{"title":false,"content":false,"excerpt":false}}},"aioseo_notices":[],"_links":{"self":[{"href":"https:\/\/terapirummetorebro.se\/en\/wp-json\/wp\/v2\/pages\/987","targetHints":{"allow":["GET"]}}],"collection":[{"href":"https:\/\/terapirummetorebro.se\/en\/wp-json\/wp\/v2\/pages"}],"about":[{"href":"https:\/\/terapirummetorebro.se\/en\/wp-json\/wp\/v2\/types\/page"}],"author":[{"embeddable":true,"href":"https:\/\/terapirummetorebro.se\/en\/wp-json\/wp\/v2\/users\/2"}],"replies":[{"embeddable":true,"href":"https:\/\/terapirummetorebro.se\/en\/wp-json\/wp\/v2\/comments?post=987"}],"version-history":[{"count":5,"href":"https:\/\/terapirummetorebro.se\/en\/wp-json\/wp\/v2\/pages\/987\/revisions"}],"predecessor-version":[{"id":1923,"href":"https:\/\/terapirummetorebro.se\/en\/wp-json\/wp\/v2\/pages\/987\/revisions\/1923"}],"wp:attachment":[{"href":"https:\/\/terapirummetorebro.se\/en\/wp-json\/wp\/v2\/media?parent=987"}],"curies":[{"name":"wp","href":"https:\/\/api.w.org\/{rel}","templated":true}]}}