{"id":972,"date":"2024-03-16T19:35:29","date_gmt":"2024-03-16T18:35:29","guid":{"rendered":"https:\/\/terapirummetorebro.se\/?page_id=972"},"modified":"2024-05-07T17:07:36","modified_gmt":"2024-05-07T15:07:36","slug":"ungdomsterapi","status":"publish","type":"page","link":"https:\/\/terapirummetorebro.se\/en\/ungdomsterapi\/","title":{"rendered":"Ungdomsterapi"},"content":{"rendered":"\t\t<div data-elementor-type=\"wp-page\" data-elementor-id=\"972\" class=\"elementor elementor-972\">\n\t\t\t\t<div class=\"elementor-element elementor-element-67cf578 e-flex e-con-boxed e-con e-parent\" data-id=\"67cf578\" data-element_type=\"container\">\n\t\t\t\t\t<div class=\"e-con-inner\">\n\t\t<div class=\"elementor-element elementor-element-887a686 e-flex e-con-boxed e-con e-child\" data-id=\"887a686\" data-element_type=\"container\">\n\t\t\t\t\t<div class=\"e-con-inner\">\n\t\t<div class=\"elementor-element elementor-element-e74541f e-con-full e-flex e-con e-child\" data-id=\"e74541f\" data-element_type=\"container\">\n\t\t\t\t<div class=\"elementor-element elementor-element-0e4e08c e-transform elementor-widget elementor-widget-image\" data-id=\"0e4e08c\" data-element_type=\"widget\" data-settings=\"{&quot;_transform_rotateZ_effect&quot;:{&quot;unit&quot;:&quot;px&quot;,&quot;size&quot;:&quot;&quot;,&quot;sizes&quot;:[]},&quot;_transform_rotateZ_effect_tablet&quot;:{&quot;unit&quot;:&quot;deg&quot;,&quot;size&quot;:&quot;&quot;,&quot;sizes&quot;:[]},&quot;_transform_rotateZ_effect_mobile&quot;:{&quot;unit&quot;:&quot;deg&quot;,&quot;size&quot;:&quot;&quot;,&quot;sizes&quot;:[]}}\" data-widget_type=\"image.default\">\n\t\t\t\t<div class=\"elementor-widget-container\">\n\t\t\t\t\t\t\t\t\t\t\t\t\t\t\t<img fetchpriority=\"high\" decoding=\"async\" width=\"1024\" height=\"768\" src=\"data:image\/svg+xml;charset=utf-8,%3Csvg xmlns%3D'http%3A%2F%2Fwww.w3.org%2F2000%2Fsvg' viewBox%3D'0 0 1024 768'%2F%3E\" data-src=\"https:\/\/terapirummetorebro.se\/wp-content\/uploads\/2024\/04\/rullar-lyckligt-mot-nya-mal-1024x768.jpg\" class=\"lazy-load attachment-large size-large wp-image-1503\" alt=\"\" data-srcset=\"https:\/\/terapirummetorebro.se\/wp-content\/uploads\/2024\/04\/rullar-lyckligt-mot-nya-mal-1024x768.jpg 1024w, https:\/\/terapirummetorebro.se\/wp-content\/uploads\/2024\/04\/rullar-lyckligt-mot-nya-mal-300x225.jpg 300w, https:\/\/terapirummetorebro.se\/wp-content\/uploads\/2024\/04\/rullar-lyckligt-mot-nya-mal-768x576.jpg 768w, https:\/\/terapirummetorebro.se\/wp-content\/uploads\/2024\/04\/rullar-lyckligt-mot-nya-mal.jpg 1110w\" sizes=\"(max-width: 1024px) 100vw, 1024px\" \/>\t\t\t\t\t\t\t\t\t\t\t\t\t\t\t<\/div>\n\t\t\t\t<\/div>\n\t\t\t\t<\/div>\n\t\t<div class=\"elementor-element elementor-element-b8769ca e-con-full e-flex e-con e-child\" data-id=\"b8769ca\" data-element_type=\"container\">\n\t\t\t\t<div class=\"elementor-element elementor-element-58c3a94 elementor-widget elementor-widget-heading\" data-id=\"58c3a94\" data-element_type=\"widget\" data-widget_type=\"heading.default\">\n\t\t\t\t<div class=\"elementor-widget-container\">\n\t\t\t\t\t<h2 class=\"elementor-heading-title elementor-size-default\">F\u00f6r en v\u00e4lm\u00e5ende ungdom<\/h2>\t\t\t\t<\/div>\n\t\t\t\t<\/div>\n\t\t\t\t<div class=\"elementor-element elementor-element-40eb412 elementor-widget elementor-widget-text-editor\" data-id=\"40eb412\" data-element_type=\"widget\" data-widget_type=\"text-editor.default\">\n\t\t\t\t<div class=\"elementor-widget-container\">\n\t\t\t\t\t\t\t\t\t<p>Att st\u00e5 mellan barndomen och vuxenlivet kan upplevas som k\u00e4mpigt. Psykisk oh\u00e4lsa \u00f6kar bland dagens ungdomar och sv\u00e5righeter kan bland annat vara att man ska skapa sig en identitet, g\u00f6ra val som kan k\u00e4nnas \u00f6verv\u00e4ldigande, ha sv\u00e5rt med anpassning och rutiner.<\/p>\t\t\t\t\t\t\t\t<\/div>\n\t\t\t\t<\/div>\n\t\t\t\t<\/div>\n\t\t\t\t\t<\/div>\n\t\t\t\t<\/div>\n\t\t<div class=\"elementor-element elementor-element-10741ad e-flex e-con-boxed e-con e-child\" data-id=\"10741ad\" data-element_type=\"container\">\n\t\t\t\t\t<div class=\"e-con-inner\">\n\t\t<div class=\"elementor-element elementor-element-b4f7717 e-con-full e-flex e-con e-child\" data-id=\"b4f7717\" data-element_type=\"container\">\n\t\t\t\t<div class=\"elementor-element elementor-element-12fe6b6 elementor-widget elementor-widget-heading\" data-id=\"12fe6b6\" data-element_type=\"widget\" data-widget_type=\"heading.default\">\n\t\t\t\t<div class=\"elementor-widget-container\">\n\t\t\t\t\t<h2 class=\"elementor-heading-title elementor-size-default\">Ungdomen beh\u00f6ver ocks\u00e5 en trygg plats<\/h2>\t\t\t\t<\/div>\n\t\t\t\t<\/div>\n\t\t\t\t<div class=\"elementor-element elementor-element-b6fd018 elementor-widget elementor-widget-text-editor\" data-id=\"b6fd018\" data-element_type=\"widget\" data-widget_type=\"text-editor.default\">\n\t\t\t\t<div class=\"elementor-widget-container\">\n\t\t\t\t\t\t\t\t\t<p>Ungdomar likv\u00e4l som vuxna drabbas av stress, utmattning, s\u00f6mnproblem och \u00e5ngest i allt st\u00f6rre omfattning. Generellt sett kan ungdomar ha sv\u00e5rt att s\u00e4tta ord p\u00e5 det dom upplever och den psykiska oh\u00e4lsan kan ist\u00e4llet visa sig genom beteendef\u00f6r\u00e4ndringar, s\u00f6mnsv\u00e5righeter och problematik kring fokus eller koncentration.<\/p><p>Genom att skapa utrymme f\u00f6r att samtala om det som kan vara sv\u00e5rt att prata med f\u00f6r\u00e4ldrar, andra viktiga vuxna eller v\u00e4nner om, kan ungdomen f\u00e5 en trygg plats att sortera sina tankar och k\u00e4nslor p\u00e5.<\/p><p>Ungdomar 17 \u00e5r och \u00e4ldre \u00e4r v\u00e4lkomna till Terapirummet \u00d6rebro.<\/p>\t\t\t\t\t\t\t\t<\/div>\n\t\t\t\t<\/div>\n\t\t\t\t<\/div>\n\t\t<div class=\"elementor-element elementor-element-2772968 e-con-full e-flex e-con e-child\" data-id=\"2772968\" data-element_type=\"container\" data-settings=\"{&quot;background_background&quot;:&quot;classic&quot;}\">\n\t\t<div class=\"elementor-element elementor-element-7402604 e-flex e-con-boxed e-con e-child\" data-id=\"7402604\" data-element_type=\"container\" data-settings=\"{&quot;background_background&quot;:&quot;classic&quot;}\">\n\t\t\t\t\t<div class=\"e-con-inner\">\n\t\t\t\t<div class=\"elementor-element elementor-element-0d7d58b elementor-widget elementor-widget-sidebar\" data-id=\"0d7d58b\" data-element_type=\"widget\" data-widget_type=\"sidebar.default\">\n\t\t\t\t<div class=\"elementor-widget-container\">\n\t\t\t\t\t<section id=\"text-5\" class=\"widget widget_text\"><div class=\"widget-title\">Contact me<\/div>\t\t\t<div class=\"textwidget\"><p>Call phone number: <a href=\"tel:+46707583210\" target=\"_blank\" rel=\"nofollow noopener\" data-mce-href=\"tel:+46707583210\">070-758 3210<\/a><\/p>\n<p>or send an email to:<\/p>\n<p><a href=\"mailto:jenny@terapirummetorebro.se\" data-mce-href=\"mailto:jenny@terapirummetorebro.se\">jenny@terapirummetorebro.se<\/a><\/p>\n<\/div>\n\t\t<\/section>\t\t\t\t<\/div>\n\t\t\t\t<\/div>\n\t\t\t\t\t<\/div>\n\t\t\t\t<\/div>\n\t\t\t\t<\/div>\n\t\t\t\t\t<\/div>\n\t\t\t\t<\/div>\n\t\t\t\t\t<\/div>\n\t\t\t\t<\/div>\n\t\t\t\t<\/div>\n\t\t","protected":false},"excerpt":{"rendered":"<p>F\u00f6r en v\u00e4lm\u00e5ende ungdom Att st\u00e5 mellan barndomen och vuxenlivet kan upplevas som k\u00e4mpigt. Psykisk oh\u00e4lsa \u00f6kar bland dagens ungdomar och sv\u00e5righeter kan bland annat vara att man ska skapa sig en identitet, g\u00f6ra val som kan k\u00e4nnas \u00f6verv\u00e4ldigande, ha sv\u00e5rt med anpassning och rutiner. Ungdomen beh\u00f6ver ocks\u00e5 en trygg plats Ungdomar likv\u00e4l som vuxna&hellip;<\/p>\n","protected":false},"author":2,"featured_media":0,"parent":0,"menu_order":0,"comment_status":"closed","ping_status":"closed","template":"","meta":{"footnotes":""},"class_list":["post-972","page","type-page","status-publish","hentry"],"translation":{"provider":"WPGlobus","version":"3.0.1","language":"en","enabled_languages":["sv","en"],"languages":{"sv":{"title":true,"content":true,"excerpt":false},"en":{"title":false,"content":false,"excerpt":false}}},"aioseo_notices":[],"_links":{"self":[{"href":"https:\/\/terapirummetorebro.se\/en\/wp-json\/wp\/v2\/pages\/972","targetHints":{"allow":["GET"]}}],"collection":[{"href":"https:\/\/terapirummetorebro.se\/en\/wp-json\/wp\/v2\/pages"}],"about":[{"href":"https:\/\/terapirummetorebro.se\/en\/wp-json\/wp\/v2\/types\/page"}],"author":[{"embeddable":true,"href":"https:\/\/terapirummetorebro.se\/en\/wp-json\/wp\/v2\/users\/2"}],"replies":[{"embeddable":true,"href":"https:\/\/terapirummetorebro.se\/en\/wp-json\/wp\/v2\/comments?post=972"}],"version-history":[{"count":5,"href":"https:\/\/terapirummetorebro.se\/en\/wp-json\/wp\/v2\/pages\/972\/revisions"}],"predecessor-version":[{"id":1927,"href":"https:\/\/terapirummetorebro.se\/en\/wp-json\/wp\/v2\/pages\/972\/revisions\/1927"}],"wp:attachment":[{"href":"https:\/\/terapirummetorebro.se\/en\/wp-json\/wp\/v2\/media?parent=972"}],"curies":[{"name":"wp","href":"https:\/\/api.w.org\/{rel}","templated":true}]}}