{"id":966,"date":"2024-03-16T19:34:20","date_gmt":"2024-03-16T18:34:20","guid":{"rendered":"https:\/\/terapirummetorebro.se\/?page_id=966"},"modified":"2024-05-07T15:28:10","modified_gmt":"2024-05-07T13:28:10","slug":"stodsamtal","status":"publish","type":"page","link":"https:\/\/terapirummetorebro.se\/en\/stodsamtal\/","title":{"rendered":"St\u00f6dsamtal"},"content":{"rendered":"\t\t<div data-elementor-type=\"wp-page\" data-elementor-id=\"966\" class=\"elementor elementor-966\">\n\t\t\t\t<div class=\"elementor-element elementor-element-e69e9a0 e-flex e-con-boxed e-con e-parent\" data-id=\"e69e9a0\" data-element_type=\"container\">\n\t\t\t\t\t<div class=\"e-con-inner\">\n\t\t<div class=\"elementor-element elementor-element-12813f4 e-con-full e-flex e-con e-child\" data-id=\"12813f4\" data-element_type=\"container\">\n\t\t\t\t<div class=\"elementor-element elementor-element-d2e73bd e-transform elementor-widget elementor-widget-image\" data-id=\"d2e73bd\" data-element_type=\"widget\" data-settings=\"{&quot;_transform_rotateZ_effect&quot;:{&quot;unit&quot;:&quot;px&quot;,&quot;size&quot;:&quot;&quot;,&quot;sizes&quot;:[]},&quot;_transform_rotateZ_effect_tablet&quot;:{&quot;unit&quot;:&quot;deg&quot;,&quot;size&quot;:&quot;&quot;,&quot;sizes&quot;:[]},&quot;_transform_rotateZ_effect_mobile&quot;:{&quot;unit&quot;:&quot;deg&quot;,&quot;size&quot;:&quot;&quot;,&quot;sizes&quot;:[]}}\" data-widget_type=\"image.default\">\n\t\t\t\t<div class=\"elementor-widget-container\">\n\t\t\t\t\t\t\t\t\t\t\t\t\t\t\t<img fetchpriority=\"high\" decoding=\"async\" width=\"1000\" height=\"750\" src=\"data:image\/svg+xml;charset=utf-8,%3Csvg xmlns%3D'http%3A%2F%2Fwww.w3.org%2F2000%2Fsvg' viewBox%3D'0 0 1000 750'%2F%3E\" data-src=\"https:\/\/terapirummetorebro.se\/wp-content\/uploads\/2024\/04\/naturligt-lugn-vila.jpg\" class=\"lazy-load attachment-large size-large wp-image-1502\" alt=\"naturligt lugn samtalsterapi\" data-srcset=\"https:\/\/terapirummetorebro.se\/wp-content\/uploads\/2024\/04\/naturligt-lugn-vila.jpg 1000w, https:\/\/terapirummetorebro.se\/wp-content\/uploads\/2024\/04\/naturligt-lugn-vila-300x225.jpg 300w, https:\/\/terapirummetorebro.se\/wp-content\/uploads\/2024\/04\/naturligt-lugn-vila-768x576.jpg 768w\" sizes=\"(max-width: 1000px) 100vw, 1000px\" \/>\t\t\t\t\t\t\t\t\t\t\t\t\t\t\t<\/div>\n\t\t\t\t<\/div>\n\t\t\t\t<\/div>\n\t\t<div class=\"elementor-element elementor-element-534547a e-con-full e-flex e-con e-child\" data-id=\"534547a\" data-element_type=\"container\">\n\t\t\t\t<div class=\"elementor-element elementor-element-7785642 elementor-widget elementor-widget-heading\" data-id=\"7785642\" data-element_type=\"widget\" data-widget_type=\"heading.default\">\n\t\t\t\t<div class=\"elementor-widget-container\">\n\t\t\t\t\t<h2 class=\"elementor-heading-title elementor-size-default\">St\u00f6d och v\u00e4gledning<\/h2>\t\t\t\t<\/div>\n\t\t\t\t<\/div>\n\t\t\t\t<div class=\"elementor-element elementor-element-efe72a6 elementor-widget elementor-widget-text-editor\" data-id=\"efe72a6\" data-element_type=\"widget\" data-widget_type=\"text-editor.default\">\n\t\t\t\t<div class=\"elementor-widget-container\">\n\t\t\t\t\t\t\t\t\t<p>Under livets g\u00e5ng h\u00e4nder det att allt k\u00e4nns extra komplicerat och det kan vara sv\u00e5rt att v\u00e4nda sig till v\u00e4nner och anh\u00f6riga om sin situation. D\u00e5 kan det vara gynnsamt att m\u00f6tas under en period i st\u00f6dsamtal f\u00f6r att ha n\u00e5gon utomst\u00e5ende att lyfta sina tankar med.<\/p>\t\t\t\t\t\t\t\t<\/div>\n\t\t\t\t<\/div>\n\t\t\t\t<\/div>\n\t\t\t\t\t<\/div>\n\t\t\t\t<\/div>\n\t\t<div class=\"elementor-element elementor-element-c27d10c e-flex e-con-boxed e-con e-parent\" data-id=\"c27d10c\" data-element_type=\"container\">\n\t\t\t\t\t<div class=\"e-con-inner\">\n\t\t<div class=\"elementor-element elementor-element-4fbc844 e-con-full e-flex e-con e-child\" data-id=\"4fbc844\" data-element_type=\"container\">\n\t\t\t\t<div class=\"elementor-element elementor-element-db653d0 elementor-widget elementor-widget-heading\" data-id=\"db653d0\" data-element_type=\"widget\" data-widget_type=\"heading.default\">\n\t\t\t\t<div class=\"elementor-widget-container\">\n\t\t\t\t\t<h2 class=\"elementor-heading-title elementor-size-default\">D\u00e5 kan st\u00f6dsamtal hj\u00e4lpa<\/h2>\t\t\t\t<\/div>\n\t\t\t\t<\/div>\n\t\t\t\t<div class=\"elementor-element elementor-element-0164971 elementor-widget elementor-widget-text-editor\" data-id=\"0164971\" data-element_type=\"widget\" data-widget_type=\"text-editor.default\">\n\t\t\t\t<div class=\"elementor-widget-container\">\n\t\t\t\t\t\t\t\t\t<p>St\u00f6dsamtal kan vara gynnsamt vid:<\/p><ul><li>Tankar om separation<\/li><li>Sorg<\/li><li>\u00d6nskan om f\u00f6r\u00e4ndring<\/li><li>Sjukdom<\/li><li>\u00d6nskan om st\u00f6d i rollen som f\u00f6r\u00e4lder<\/li><\/ul><p>St\u00f6dsamtal kan p\u00e5g\u00e5 under b\u00e5de en kortare och l\u00e4ngre period. Antalet samtal best\u00e4mmer du som \u00e4r i behov av st\u00f6dsamtal. S\u00e5 l\u00e4nge det finns ett behov av att lyfta, skapa insikt och bearbeta tankar kan st\u00f6dsamtal vara hj\u00e4lpsamt.<\/p>\t\t\t\t\t\t\t\t<\/div>\n\t\t\t\t<\/div>\n\t\t\t\t<\/div>\n\t\t<div class=\"elementor-element elementor-element-35cef1b e-con-full e-flex e-con e-child\" data-id=\"35cef1b\" data-element_type=\"container\" data-settings=\"{&quot;background_background&quot;:&quot;classic&quot;}\">\n\t\t<div class=\"elementor-element elementor-element-c32e4ed e-flex e-con-boxed e-con e-child\" data-id=\"c32e4ed\" data-element_type=\"container\" data-settings=\"{&quot;background_background&quot;:&quot;classic&quot;}\">\n\t\t\t\t\t<div class=\"e-con-inner\">\n\t\t\t\t<div class=\"elementor-element elementor-element-9123536 elementor-widget elementor-widget-sidebar\" data-id=\"9123536\" data-element_type=\"widget\" data-widget_type=\"sidebar.default\">\n\t\t\t\t<div class=\"elementor-widget-container\">\n\t\t\t\t\t<section id=\"text-5\" class=\"widget widget_text\"><div class=\"widget-title\">Contact me<\/div>\t\t\t<div class=\"textwidget\"><p>Call phone number: <a href=\"tel:+46707583210\" target=\"_blank\" rel=\"nofollow noopener\" data-mce-href=\"tel:+46707583210\">070-758 3210<\/a><\/p>\n<p>or send an email to:<\/p>\n<p><a href=\"mailto:jenny@terapirummetorebro.se\" data-mce-href=\"mailto:jenny@terapirummetorebro.se\">jenny@terapirummetorebro.se<\/a><\/p>\n<\/div>\n\t\t<\/section>\t\t\t\t<\/div>\n\t\t\t\t<\/div>\n\t\t\t\t\t<\/div>\n\t\t\t\t<\/div>\n\t\t\t\t<\/div>\n\t\t\t\t\t<\/div>\n\t\t\t\t<\/div>\n\t\t\t\t<\/div>\n\t\t","protected":false},"excerpt":{"rendered":"<p>St\u00f6d och v\u00e4gledning Under livets g\u00e5ng h\u00e4nder det att allt k\u00e4nns extra komplicerat och det kan vara sv\u00e5rt att v\u00e4nda sig till v\u00e4nner och anh\u00f6riga om sin situation. D\u00e5 kan det vara gynnsamt att m\u00f6tas under en period i st\u00f6dsamtal f\u00f6r att ha n\u00e5gon utomst\u00e5ende att lyfta sina tankar med. D\u00e5 kan st\u00f6dsamtal hj\u00e4lpa St\u00f6dsamtal&hellip;<\/p>\n","protected":false},"author":2,"featured_media":607,"parent":0,"menu_order":0,"comment_status":"closed","ping_status":"closed","template":"","meta":{"footnotes":""},"class_list":["post-966","page","type-page","status-publish","has-post-thumbnail","hentry"],"translation":{"provider":"WPGlobus","version":"3.0.1","language":"en","enabled_languages":["sv","en"],"languages":{"sv":{"title":true,"content":true,"excerpt":false},"en":{"title":false,"content":false,"excerpt":false}}},"aioseo_notices":[],"_links":{"self":[{"href":"https:\/\/terapirummetorebro.se\/en\/wp-json\/wp\/v2\/pages\/966","targetHints":{"allow":["GET"]}}],"collection":[{"href":"https:\/\/terapirummetorebro.se\/en\/wp-json\/wp\/v2\/pages"}],"about":[{"href":"https:\/\/terapirummetorebro.se\/en\/wp-json\/wp\/v2\/types\/page"}],"author":[{"embeddable":true,"href":"https:\/\/terapirummetorebro.se\/en\/wp-json\/wp\/v2\/users\/2"}],"replies":[{"embeddable":true,"href":"https:\/\/terapirummetorebro.se\/en\/wp-json\/wp\/v2\/comments?post=966"}],"version-history":[{"count":5,"href":"https:\/\/terapirummetorebro.se\/en\/wp-json\/wp\/v2\/pages\/966\/revisions"}],"predecessor-version":[{"id":1924,"href":"https:\/\/terapirummetorebro.se\/en\/wp-json\/wp\/v2\/pages\/966\/revisions\/1924"}],"wp:featuredmedia":[{"embeddable":true,"href":"https:\/\/terapirummetorebro.se\/en\/wp-json\/wp\/v2\/media\/607"}],"wp:attachment":[{"href":"https:\/\/terapirummetorebro.se\/en\/wp-json\/wp\/v2\/media?parent=966"}],"curies":[{"name":"wp","href":"https:\/\/api.w.org\/{rel}","templated":true}]}}