{"id":885,"date":"2024-02-18T19:19:44","date_gmt":"2024-02-18T18:19:44","guid":{"rendered":"https:\/\/terapirummetorebro.se\/?page_id=885"},"modified":"2024-10-22T18:54:30","modified_gmt":"2024-10-22T16:54:30","slug":"vad-ar-en-kbt-terapeut","status":"publish","type":"page","link":"https:\/\/terapirummetorebro.se\/en\/vad-ar-en-kbt-terapeut\/","title":{"rendered":"Vad \u00e4r en KBT-terapeuts uppgift?"},"content":{"rendered":"\t\t<div data-elementor-type=\"wp-page\" data-elementor-id=\"885\" class=\"elementor elementor-885\">\n\t\t\t\t<div class=\"elementor-element elementor-element-510ddaf2 e-flex e-con-boxed e-con e-parent\" data-id=\"510ddaf2\" data-element_type=\"container\">\n\t\t\t\t\t<div class=\"e-con-inner\">\n\t\t\t\t<div class=\"elementor-element elementor-element-f783058 elementor-widget elementor-widget-heading\" data-id=\"f783058\" data-element_type=\"widget\" data-widget_type=\"heading.default\">\n\t\t\t\t<div class=\"elementor-widget-container\">\n\t\t\t\t\t<h2 class=\"elementor-heading-title elementor-size-default\">Vad \u00e4r och vad g\u00f6r en KBT-terapeut?<\/h2>\t\t\t\t<\/div>\n\t\t\t\t<\/div>\n\t\t\t\t<div class=\"elementor-element elementor-element-10418051 elementor-widget elementor-widget-text-editor\" data-id=\"10418051\" data-element_type=\"widget\" data-widget_type=\"text-editor.default\">\n\t\t\t\t<div class=\"elementor-widget-container\">\n\t\t\t\t\t\t\t\t\t<p>Som KBT-terapeut, \u00e4r jag som driver Terapirummet \u00d6rebro specialiserad p\u00e5 att arbeta med <a title=\"Vad \u00e4r Kognitiv Beteendeterapi (KBT)?\" href=\"https:\/\/terapirummetorebro.se\/vad-ar-kbt\/\">Kognitiv Beteendeterapi (KBT)<\/a>. Det jag g\u00f6r som terapeut \u00e4r att m\u00f6ta mina klienter med \u00f6ppenhet och ett kunskapsbaserat st\u00f6d f\u00f6r att mina klienter ska f\u00e5 de b\u00e4sta f\u00f6ruts\u00e4ttningarna att n\u00e5 sina m\u00e5l. Genom att erbjuda ett tryggt utrymme och en strukturerad behandlingsansats, hj\u00e4lper jag som terapeut individer att v\u00e4rna om och f\u00f6rb\u00e4ttra sin psykiska h\u00e4lsa.<\/p>\t\t\t\t\t\t\t\t<\/div>\n\t\t\t\t<\/div>\n\t\t\t\t<div class=\"elementor-element elementor-element-c36ae30 elementor-widget elementor-widget-spacer\" data-id=\"c36ae30\" data-element_type=\"widget\" data-widget_type=\"spacer.default\">\n\t\t\t\t<div class=\"elementor-widget-container\">\n\t\t\t\t\t\t\t<div class=\"elementor-spacer\">\n\t\t\t<div class=\"elementor-spacer-inner\"><\/div>\n\t\t<\/div>\n\t\t\t\t\t\t<\/div>\n\t\t\t\t<\/div>\n\t\t\t\t\t<\/div>\n\t\t\t\t<\/div>\n\t\t<div class=\"elementor-element elementor-element-d89adf1 e-flex e-con-boxed e-con e-parent\" data-id=\"d89adf1\" data-element_type=\"container\">\n\t\t\t\t\t<div class=\"e-con-inner\">\n\t\t\t\t<div class=\"elementor-element elementor-element-6592aa3 elementor-widget elementor-widget-heading\" data-id=\"6592aa3\" data-element_type=\"widget\" data-widget_type=\"heading.default\">\n\t\t\t\t<div class=\"elementor-widget-container\">\n\t\t\t\t\t<h2 class=\"elementor-heading-title elementor-size-default\">Min roll som terapeut<\/h2>\t\t\t\t<\/div>\n\t\t\t\t<\/div>\n\t\t\t\t<div class=\"elementor-element elementor-element-fbb1e88 elementor-widget elementor-widget-text-editor\" data-id=\"fbb1e88\" data-element_type=\"widget\" data-widget_type=\"text-editor.default\">\n\t\t\t\t<div class=\"elementor-widget-container\">\n\t\t\t\t\t\t\t\t\t<p>KBT-terapeutens fr\u00e4msta uppgift \u00e4r att samarbeta med klienten f\u00f6r att utforska och f\u00f6rst\u00e5 klientens tankar, k\u00e4nslor och beteenden. Tillsammans arbetar vi f\u00f6r att identifiera de m\u00f6nster som kan orsaka psykiskt lidande, eller som hindrar klienten fr\u00e5n att n\u00e5 sin fulla potential. Som terapeut fungerar jag som en guide d\u00e4r jag \u00e4r klientens ramverk och l\u00e4r ut tekniker som hj\u00e4lper klienten att hantera sina utmaningar p\u00e5 ett nytt och mer h\u00e4lsosamt s\u00e4tt.<\/p>\t\t\t\t\t\t\t\t<\/div>\n\t\t\t\t<\/div>\n\t\t\t\t<div class=\"elementor-element elementor-element-5502359 elementor-widget elementor-widget-spacer\" data-id=\"5502359\" data-element_type=\"widget\" data-widget_type=\"spacer.default\">\n\t\t\t\t<div class=\"elementor-widget-container\">\n\t\t\t\t\t\t\t<div class=\"elementor-spacer\">\n\t\t\t<div class=\"elementor-spacer-inner\"><\/div>\n\t\t<\/div>\n\t\t\t\t\t\t<\/div>\n\t\t\t\t<\/div>\n\t\t\t\t\t<\/div>\n\t\t\t\t<\/div>\n\t\t<div class=\"elementor-element elementor-element-cfc0498 e-flex e-con-boxed e-con e-parent\" data-id=\"cfc0498\" data-element_type=\"container\">\n\t\t\t\t\t<div class=\"e-con-inner\">\n\t\t\t\t<div class=\"elementor-element elementor-element-f2da482 elementor-widget elementor-widget-heading\" data-id=\"f2da482\" data-element_type=\"widget\" data-widget_type=\"heading.default\">\n\t\t\t\t<div class=\"elementor-widget-container\">\n\t\t\t\t\t<h3 class=\"elementor-heading-title elementor-size-default\">F\u00f6rdelarna med att prata med en terapeut<\/h3>\t\t\t\t<\/div>\n\t\t\t\t<\/div>\n\t\t\t\t<div class=\"elementor-element elementor-element-48ae0aa elementor-widget elementor-widget-text-editor\" data-id=\"48ae0aa\" data-element_type=\"widget\" data-widget_type=\"text-editor.default\">\n\t\t\t\t<div class=\"elementor-widget-container\">\n\t\t\t\t\t\t\t\t\t<p>Att<strong> prata med en KBT-terapeut erbjuder m\u00e5nga f\u00f6rdelar:<\/strong><\/p><ul><li><strong>Personlig utveckling:<\/strong> Klienten f\u00e5r hj\u00e4lp att k\u00e4nna sig sj\u00e4lv b\u00e4ttre och f\u00f6rst\u00e5 hur tanke, beteende och k\u00e4nsla fl\u00e4tas samman till ett m\u00f6nster som ibland beh\u00f6ver f\u00f6r\u00e4ndras f\u00f6r att \u00f6ka individens livskvalit\u00e9.\u00a0<\/li><li><strong>Verktyg f\u00f6r livet:<\/strong>\u00a0Som KBT-terapeut l\u00e4r jag ut praktiska strategier och tekniker f\u00f6r att hantera specifika problem, vilket ger klienten verktyg som kan integreras i deras liv och forts\u00e4tta st\u00f6dja dem l\u00e5ngt efter att terapin avslutats.<\/li><li><strong>St\u00f6d och f\u00f6rst\u00e5else:<\/strong>\u00a0Jag som terapeut erbjuder ett icke-d\u00f6mande och st\u00f6djande f\u00f6rh\u00e5llningss\u00e4tt, vilket kan g\u00f6ra det l\u00e4ttare f\u00f6r klienten att \u00f6ppna sig och utforska sv\u00e5ra k\u00e4nslor och situationer.<\/li><li>\u00a0<strong>Sj\u00e4lvempati:\u00a0<\/strong>Jag som terapeut arbetar alltid med den bakomliggande hypotesen att klienten \u00e4r i behov av att utveckla en h\u00f6gre grad av sj\u00e4lvempati. Detta g\u00f6r att \u00f6ver tid n\u00e4r klienten har en h\u00f6gre grad av f\u00f6rst\u00e5else varf\u00f6r vissa problem har utvecklats \u00e4ven utvecklar f\u00f6rm\u00e5gan att f\u00f6rst\u00e5 sig sj\u00e4lv med ett empatiskt f\u00f6rh\u00e5llningss\u00e4tt.\u00a0<\/li><\/ul>\t\t\t\t\t\t\t\t<\/div>\n\t\t\t\t<\/div>\n\t\t\t\t<div class=\"elementor-element elementor-element-aa3d6d6 elementor-widget elementor-widget-spacer\" data-id=\"aa3d6d6\" data-element_type=\"widget\" data-widget_type=\"spacer.default\">\n\t\t\t\t<div class=\"elementor-widget-container\">\n\t\t\t\t\t\t\t<div class=\"elementor-spacer\">\n\t\t\t<div class=\"elementor-spacer-inner\"><\/div>\n\t\t<\/div>\n\t\t\t\t\t\t<\/div>\n\t\t\t\t<\/div>\n\t\t\t\t\t<\/div>\n\t\t\t\t<\/div>\n\t\t<div class=\"elementor-element elementor-element-e1ec754 e-flex e-con-boxed e-con e-parent\" data-id=\"e1ec754\" data-element_type=\"container\">\n\t\t\t\t\t<div class=\"e-con-inner\">\n\t\t\t\t<div class=\"elementor-element elementor-element-a0c0fa7 elementor-widget elementor-widget-heading\" data-id=\"a0c0fa7\" data-element_type=\"widget\" data-widget_type=\"heading.default\">\n\t\t\t\t<div class=\"elementor-widget-container\">\n\t\t\t\t\t<h3 class=\"elementor-heading-title elementor-size-default\">\u00c4r det vanligt att g\u00e5 till en terapeut?<\/h3>\t\t\t\t<\/div>\n\t\t\t\t<\/div>\n\t\t\t\t<div class=\"elementor-element elementor-element-4179815 elementor-widget elementor-widget-text-editor\" data-id=\"4179815\" data-element_type=\"widget\" data-widget_type=\"text-editor.default\">\n\t\t\t\t<div class=\"elementor-widget-container\">\n\t\t\t\t\t\t\t\t\t<p>Ja, det \u00e4r allt vanligare att m\u00e4nniskor s\u00f6ker hj\u00e4lp hos en terapeut f\u00f6r att hantera livets utmaningar. Det finns ingen skam i att s\u00f6ka hj\u00e4lp; det \u00e4r ett tecken p\u00e5 styrka att ta hand om sin psykiska h\u00e4lsa. KBT-terapi har visat sig vara effektivt f\u00f6r en m\u00e4ngd olika tillst\u00e5nd, och m\u00e5nga upplever stora f\u00f6rb\u00e4ttringar i sitt v\u00e4lbefinnande efter att ha arbetat med en KBT-terapeut.<\/p>\t\t\t\t\t\t\t\t<\/div>\n\t\t\t\t<\/div>\n\t\t\t\t<div class=\"elementor-element elementor-element-8244a6d elementor-widget elementor-widget-spacer\" data-id=\"8244a6d\" data-element_type=\"widget\" data-widget_type=\"spacer.default\">\n\t\t\t\t<div class=\"elementor-widget-container\">\n\t\t\t\t\t\t\t<div class=\"elementor-spacer\">\n\t\t\t<div class=\"elementor-spacer-inner\"><\/div>\n\t\t<\/div>\n\t\t\t\t\t\t<\/div>\n\t\t\t\t<\/div>\n\t\t\t\t\t<\/div>\n\t\t\t\t<\/div>\n\t\t\t\t<\/div>\n\t\t","protected":false},"excerpt":{"rendered":"<p>Vad \u00e4r och vad g\u00f6r en KBT-terapeut? Som KBT-terapeut, \u00e4r jag som driver Terapirummet \u00d6rebro specialiserad p\u00e5 att arbeta med Kognitiv Beteendeterapi (KBT). Det jag g\u00f6r som terapeut \u00e4r att m\u00f6ta mina klienter med \u00f6ppenhet och ett kunskapsbaserat st\u00f6d f\u00f6r att mina klienter ska f\u00e5 de b\u00e4sta f\u00f6ruts\u00e4ttningarna att n\u00e5 sina m\u00e5l. Genom att erbjuda&hellip;<\/p>\n","protected":false},"author":2,"featured_media":0,"parent":0,"menu_order":0,"comment_status":"closed","ping_status":"closed","template":"","meta":{"footnotes":""},"class_list":["post-885","page","type-page","status-publish","hentry"],"translation":{"provider":"WPGlobus","version":"3.0.1","language":"en","enabled_languages":["sv","en"],"languages":{"sv":{"title":true,"content":true,"excerpt":false},"en":{"title":false,"content":false,"excerpt":false}}},"aioseo_notices":[],"_links":{"self":[{"href":"https:\/\/terapirummetorebro.se\/en\/wp-json\/wp\/v2\/pages\/885","targetHints":{"allow":["GET"]}}],"collection":[{"href":"https:\/\/terapirummetorebro.se\/en\/wp-json\/wp\/v2\/pages"}],"about":[{"href":"https:\/\/terapirummetorebro.se\/en\/wp-json\/wp\/v2\/types\/page"}],"author":[{"embeddable":true,"href":"https:\/\/terapirummetorebro.se\/en\/wp-json\/wp\/v2\/users\/2"}],"replies":[{"embeddable":true,"href":"https:\/\/terapirummetorebro.se\/en\/wp-json\/wp\/v2\/comments?post=885"}],"version-history":[{"count":6,"href":"https:\/\/terapirummetorebro.se\/en\/wp-json\/wp\/v2\/pages\/885\/revisions"}],"predecessor-version":[{"id":2387,"href":"https:\/\/terapirummetorebro.se\/en\/wp-json\/wp\/v2\/pages\/885\/revisions\/2387"}],"wp:attachment":[{"href":"https:\/\/terapirummetorebro.se\/en\/wp-json\/wp\/v2\/media?parent=885"}],"curies":[{"name":"wp","href":"https:\/\/api.w.org\/{rel}","templated":true}]}}