{"id":858,"date":"2024-02-18T01:56:28","date_gmt":"2024-02-18T00:56:28","guid":{"rendered":"https:\/\/terapirummetorebro.se\/?page_id=858"},"modified":"2024-05-07T15:32:34","modified_gmt":"2024-05-07T13:32:34","slug":"vara-medlemskap","status":"publish","type":"page","link":"https:\/\/terapirummetorebro.se\/en\/vara-medlemskap\/","title":{"rendered":"V\u00e5ra medlemskap"},"content":{"rendered":"<h3>Terapirummet \u00d6rebros medlemskap f\u00f6r kvalitativ KBT och beteendeterapi<\/h3>\n<p>Terapirummet \u00d6rebro, med medlemskap i b\u00e5de SfKBT och BTF, erbjuder dig tillg\u00e5ng till kvalitativ KBT och beteendeterapi baserad p\u00e5 de senaste vetenskapliga r\u00f6nen. Engagemanget f\u00f6r kontinuerlig utbildning och uppdatering inom terapif\u00e4ltet s\u00e4kerst\u00e4ller att terapin \u00e4r skr\u00e4ddarsydd och anpassad f\u00f6r att m\u00f6ta dina unika behov. Denna expertis, tillsammans med ett omfattande professionellt n\u00e4tverk, bidrar till en trygg och st\u00f6djande v\u00e4g mot b\u00e4ttre psykisk h\u00e4lsa i Terapirummets omsorgsfulla milj\u00f6.<\/p>\n<p>&nbsp;<\/p>\n<p><img decoding=\"async\" class=\"alignnone wp-image-833 size-medium\" src=\"https:\/\/terapirummetorebro.se\/wp-content\/uploads\/2024\/02\/terapirummet-medlem-i-sfkbt-logga-300x60.png\" alt=\"Medlem SfKBT logotyp\" width=\"300\" height=\"60\" srcset=\"https:\/\/terapirummetorebro.se\/wp-content\/uploads\/2024\/02\/terapirummet-medlem-i-sfkbt-logga-300x60.png 300w, https:\/\/terapirummetorebro.se\/wp-content\/uploads\/2024\/02\/terapirummet-medlem-i-sfkbt-logga-1024x205.png 1024w, https:\/\/terapirummetorebro.se\/wp-content\/uploads\/2024\/02\/terapirummet-medlem-i-sfkbt-logga-768x154.png 768w, https:\/\/terapirummetorebro.se\/wp-content\/uploads\/2024\/02\/terapirummet-medlem-i-sfkbt-logga.png 1508w\" sizes=\"(max-width: 300px) 100vw, 300px\" \/><\/p>\n<h3>SfKBT<\/h3>\n<p>Att s\u00f6ka terapi hos Terapirummet \u00d6rebro inneb\u00e4r att du som klient eller potentiell klient f\u00e5r tillg\u00e5ng till tj\u00e4nster av h\u00f6gsta kvalitet, som bygger p\u00e5 de senaste vetenskapliga framstegen inom Kognitiv Beteendeterapi (KBT). Terapirummet \u00d6rebro \u00e4r engagerat i SfKBT (Svenska f\u00f6reningen f\u00f6r kognitiva och beteendeinriktade terapier), vilket s\u00e4kerst\u00e4ller att de terapeuter du m\u00f6ter \u00e4r v\u00e4lutbildade och kontinuerligt uppdaterade med de mest effektiva behandlingsmetoderna.<\/p>\n<p>Genom att v\u00e4lja Terapirummet \u00d6rebro kan du vara trygg med att terapin du f\u00e5r \u00e4r grundad p\u00e5 en robust bas av kunskap och forskning. V\u00e5rt team har tillg\u00e5ng till ett omfattande professionellt n\u00e4tverk, vilket berikar deras praktik med ett brett utbud av erfarenheter och metoder, anpassade f\u00f6r att m\u00f6ta just dina unika behov.<\/p>\n<p>V\u00e5ra terapeuter vid Terapirummet \u00d6rebro deltar aktivt i fortbildningar och seminarier, vilket s\u00e4kerst\u00e4ller att de alltid \u00e4r uppdaterade med de senaste terapeutiska innovationerna. Detta inneb\u00e4r att du f\u00e5r dra nytta av avancerade terapeutiska tekniker och verktyg som effektivt st\u00f6djer dig i din str\u00e4van efter b\u00e4ttre psykisk h\u00e4lsa.<\/p>\n<p>Att Terapirummet \u00d6rebro \u00e4r en del av SfKBT st\u00e5r som en garant f\u00f6r \u00e5tagande, professionalism och en djupg\u00e5ende expertis inom KBT. Detta ger dig en extra trygghet och f\u00f6rs\u00e4krar dig om att du \u00e4r i goda h\u00e4nder, vilket g\u00f6r din v\u00e4g mot v\u00e4lbefinnande b\u00e5de trygg och st\u00f6djande.<\/p>\n<p><strong><a title=\"Bes\u00f6k SfKBT hemsida\" href=\"https:\/\/sfkbt.se\/sfkbt\/\" target=\"_blank\" rel=\"nofollow noopener\">Bes\u00f6k officiella webbplatsen f\u00f6r SfKBT<\/a><\/strong><\/p>\n<p>&nbsp;<\/p>\n<p><img decoding=\"async\" class=\"alignnone wp-image-832 size-medium\" src=\"https:\/\/terapirummetorebro.se\/wp-content\/uploads\/2024\/02\/BTF-logo-300x108.jpg\" alt=\"Medlem Beteendeterapeutiska f\u00f6reningen logotyp\" width=\"300\" height=\"108\" srcset=\"https:\/\/terapirummetorebro.se\/wp-content\/uploads\/2024\/02\/BTF-logo-300x108.jpg 300w, https:\/\/terapirummetorebro.se\/wp-content\/uploads\/2024\/02\/BTF-logo.jpg 697w\" sizes=\"(max-width: 300px) 100vw, 300px\" \/><\/p>\n<h3>Terapirummet \u00e4r medlem i BTF<\/h3>\n<p>Terapirummet \u00d6rebros medlemskap i Beteendeterapeutiska f\u00f6reningen (BTF) inneb\u00e4r en rad f\u00f6rdelar f\u00f6r dig som klient. BTF \u00e4r en organisation som fr\u00e4mjar forskning, utbildning och behandling inom beteendeterapi och Kognitiv Beteendeterapi (KBT), vilket \u00e4r ledande evidensbaserade behandlingsformer f\u00f6r psykisk oh\u00e4lsa.<\/p>\n<p>Genom att vara medlem i BTF s\u00e4kerst\u00e4ller Terapirummet \u00d6rebro att de terapeuter du m\u00f6ter \u00e4r v\u00e4lutbildade och h\u00e5ller sig ajour med de senaste vetenskapliga r\u00f6nen och behandlingsmetoderna. Detta bidrar till att du som klient f\u00e5r tillg\u00e5ng till terapi av h\u00f6gsta kvalitet, baserad p\u00e5 bepr\u00f6vade och effektiva principer.<\/p>\n<p>Dessutom ger BTFs engagemang i att skapa m\u00f6tesplatser och anordna evenemang som \u00e5rskongresser v\u00e5ra terapeuter m\u00f6jlighet att kontinuerligt utbyta kunskaper och erfarenheter med andra inom f\u00e4ltet. Detta n\u00e4tverkande och delande av insikter f\u00f6rb\u00e4ttrar den terapeutiska praktiken och bidrar till din behandlings framg\u00e5ng.<\/p>\n<p>Att Terapirummet \u00d6rebro \u00e4r en del av BTF \u00e4r en garanti f\u00f6r att vi \u00e4r engagerade i att leverera terapi som inte bara \u00e4r effektiv utan ocks\u00e5 etisk och anpassad efter de senaste r\u00f6nen inom psykoterapi. Detta skapar en trygg och st\u00f6djande milj\u00f6 f\u00f6r dig p\u00e5 din v\u00e4g mot b\u00e4ttre psykisk h\u00e4lsa.<\/p>\n<p><strong><a title=\"Bes\u00f6k BTF hemsida\" href=\"https:\/\/www.beteendeterapeutiska.org\/\" target=\"_blank\" rel=\"nofollow noopener\">Bes\u00f6k officiella webbplatsen f\u00f6r BTF<\/a><\/strong><\/p>\n","protected":false},"excerpt":{"rendered":"<p>Terapirummet \u00d6rebros medlemskap f\u00f6r kvalitativ KBT och beteendeterapi Terapirummet \u00d6rebro, med medlemskap i b\u00e5de SfKBT och BTF, erbjuder dig tillg\u00e5ng till kvalitativ KBT och beteendeterapi baserad p\u00e5 de senaste vetenskapliga r\u00f6nen. Engagemanget f\u00f6r kontinuerlig utbildning och uppdatering inom terapif\u00e4ltet s\u00e4kerst\u00e4ller att terapin \u00e4r skr\u00e4ddarsydd och anpassad f\u00f6r att m\u00f6ta dina unika behov. Denna expertis, tillsammans&hellip;<\/p>\n","protected":false},"author":2,"featured_media":0,"parent":0,"menu_order":0,"comment_status":"closed","ping_status":"closed","template":"","meta":{"footnotes":""},"class_list":["post-858","page","type-page","status-publish","hentry","description-off"],"translation":{"provider":"WPGlobus","version":"3.0.1","language":"en","enabled_languages":["sv","en"],"languages":{"sv":{"title":true,"content":true,"excerpt":false},"en":{"title":false,"content":false,"excerpt":false}}},"aioseo_notices":[],"_links":{"self":[{"href":"https:\/\/terapirummetorebro.se\/en\/wp-json\/wp\/v2\/pages\/858","targetHints":{"allow":["GET"]}}],"collection":[{"href":"https:\/\/terapirummetorebro.se\/en\/wp-json\/wp\/v2\/pages"}],"about":[{"href":"https:\/\/terapirummetorebro.se\/en\/wp-json\/wp\/v2\/types\/page"}],"author":[{"embeddable":true,"href":"https:\/\/terapirummetorebro.se\/en\/wp-json\/wp\/v2\/users\/2"}],"replies":[{"embeddable":true,"href":"https:\/\/terapirummetorebro.se\/en\/wp-json\/wp\/v2\/comments?post=858"}],"version-history":[{"count":5,"href":"https:\/\/terapirummetorebro.se\/en\/wp-json\/wp\/v2\/pages\/858\/revisions"}],"predecessor-version":[{"id":881,"href":"https:\/\/terapirummetorebro.se\/en\/wp-json\/wp\/v2\/pages\/858\/revisions\/881"}],"wp:attachment":[{"href":"https:\/\/terapirummetorebro.se\/en\/wp-json\/wp\/v2\/media?parent=858"}],"curies":[{"name":"wp","href":"https:\/\/api.w.org\/{rel}","templated":true}]}}