{"id":2435,"date":"2024-11-09T21:37:44","date_gmt":"2024-11-09T20:37:44","guid":{"rendered":"https:\/\/terapirummetorebro.se\/?page_id=2435"},"modified":"2025-12-11T14:25:23","modified_gmt":"2025-12-11T13:25:23","slug":"foretag-samt-socialtjanst","status":"publish","type":"page","link":"https:\/\/terapirummetorebro.se\/en\/foretag-samt-socialtjanst\/","title":{"rendered":"F\u00f6retag och Socialtj\u00e4nst"},"content":{"rendered":"\t\t<div data-elementor-type=\"wp-page\" data-elementor-id=\"2435\" class=\"elementor elementor-2435\">\n\t\t\t\t<div class=\"elementor-element elementor-element-67cf578 e-flex e-con-boxed e-con e-parent\" data-id=\"67cf578\" data-element_type=\"container\">\n\t\t\t\t\t<div class=\"e-con-inner\">\n\t\t<div class=\"elementor-element elementor-element-887a686 e-flex e-con-boxed e-con e-child\" data-id=\"887a686\" data-element_type=\"container\">\n\t\t\t\t\t<div class=\"e-con-inner\">\n\t\t<div class=\"elementor-element elementor-element-e74541f e-con-full e-flex e-con e-child\" data-id=\"e74541f\" data-element_type=\"container\">\n\t\t\t\t<div class=\"elementor-element elementor-element-0e4e08c e-transform elementor-widget elementor-widget-image\" data-id=\"0e4e08c\" data-element_type=\"widget\" data-settings=\"{&quot;_transform_rotateZ_effect&quot;:{&quot;unit&quot;:&quot;px&quot;,&quot;size&quot;:&quot;&quot;,&quot;sizes&quot;:[]},&quot;_transform_rotateZ_effect_tablet&quot;:{&quot;unit&quot;:&quot;deg&quot;,&quot;size&quot;:&quot;&quot;,&quot;sizes&quot;:[]},&quot;_transform_rotateZ_effect_mobile&quot;:{&quot;unit&quot;:&quot;deg&quot;,&quot;size&quot;:&quot;&quot;,&quot;sizes&quot;:[]}}\" data-widget_type=\"image.default\">\n\t\t\t\t<div class=\"elementor-widget-container\">\n\t\t\t\t\t\t\t\t\t\t\t\t\t\t\t<img fetchpriority=\"high\" decoding=\"async\" width=\"640\" height=\"480\" src=\"data:image\/svg+xml;charset=utf-8,%3Csvg xmlns%3D'http%3A%2F%2Fwww.w3.org%2F2000%2Fsvg' viewBox%3D'0 0 640 480'%2F%3E\" data-src=\"https:\/\/terapirummetorebro.se\/wp-content\/uploads\/2024\/02\/mottagning-kbt-terapi-orebro-index.jpg\" class=\"lazy-load attachment-large size-large wp-image-670\" alt=\"mottagning terapirummet \u00f6rebro\" data-srcset=\"https:\/\/terapirummetorebro.se\/wp-content\/uploads\/2024\/02\/mottagning-kbt-terapi-orebro-index.jpg 640w, https:\/\/terapirummetorebro.se\/wp-content\/uploads\/2024\/02\/mottagning-kbt-terapi-orebro-index-300x225.jpg 300w\" sizes=\"(max-width: 640px) 100vw, 640px\" \/>\t\t\t\t\t\t\t\t\t\t\t\t\t\t\t<\/div>\n\t\t\t\t<\/div>\n\t\t\t\t<\/div>\n\t\t<div class=\"elementor-element elementor-element-b8769ca e-con-full e-flex e-con e-child\" data-id=\"b8769ca\" data-element_type=\"container\">\n\t\t\t\t<div class=\"elementor-element elementor-element-58c3a94 elementor-widget elementor-widget-heading\" data-id=\"58c3a94\" data-element_type=\"widget\" data-widget_type=\"heading.default\">\n\t\t\t\t<div class=\"elementor-widget-container\">\n\t\t\t\t\t<h2 class=\"elementor-heading-title elementor-size-default\">F\u00f6retag<\/h2>\t\t\t\t<\/div>\n\t\t\t\t<\/div>\n\t\t\t\t<div class=\"elementor-element elementor-element-40eb412 elementor-widget elementor-widget-text-editor\" data-id=\"40eb412\" data-element_type=\"widget\" data-widget_type=\"text-editor.default\">\n\t\t\t\t<div class=\"elementor-widget-container\">\n\t\t\t\t\t\t\t\t\t<p>Som del av mina tj\u00e4nster kan jag erbjuda f\u00f6retag beroendev\u00e5rd som komplement till era \u00f6vriga f\u00f6retagsh\u00e4lsov\u00e5rdstj\u00e4nster. Samtalen sker inom ramen f\u00f6r KBT samt beroendeterapi. M\u00e5ls\u00e4ttningen \u00e4r att st\u00f6tta individen samt tillse att hon\/han har tillg\u00e5ng till verktyg f\u00f6r att uppr\u00e4tth\u00e5lla nykterhet\/drogfrihet.<\/p><p>Mottagningen har ej m\u00f6jlighet att genomf\u00f6ra urinprov eller annan provtagning\/medicinsk uppf\u00f6ljning s\u00e5 detta b\u00f6r alltid er redan existerande f\u00f6retagsh\u00e4lsov\u00e5rd komplettera med.<\/p><p>F\u00f6r priser var god ta kontakt.\u00a0<\/p>\t\t\t\t\t\t\t\t<\/div>\n\t\t\t\t<\/div>\n\t\t\t\t<\/div>\n\t\t\t\t\t<\/div>\n\t\t\t\t<\/div>\n\t\t<div class=\"elementor-element elementor-element-10741ad e-flex e-con-boxed e-con e-child\" data-id=\"10741ad\" data-element_type=\"container\">\n\t\t\t\t\t<div class=\"e-con-inner\">\n\t\t<div class=\"elementor-element elementor-element-b4f7717 e-con-full e-flex e-con e-child\" data-id=\"b4f7717\" data-element_type=\"container\">\n\t\t\t\t<div class=\"elementor-element elementor-element-12fe6b6 elementor-widget elementor-widget-heading\" data-id=\"12fe6b6\" data-element_type=\"widget\" data-widget_type=\"heading.default\">\n\t\t\t\t<div class=\"elementor-widget-container\">\n\t\t\t\t\t<h2 class=\"elementor-heading-title elementor-size-default\">Socialtj\u00e4nst<\/h2>\t\t\t\t<\/div>\n\t\t\t\t<\/div>\n\t\t\t\t<div class=\"elementor-element elementor-element-b6fd018 elementor-widget elementor-widget-text-editor\" data-id=\"b6fd018\" data-element_type=\"widget\" data-widget_type=\"text-editor.default\">\n\t\t\t\t<div class=\"elementor-widget-container\">\n\t\t\t\t\t\t\t\t\t<p>Jag kan erbjuda kompletterande individuella samtal inom KBT samt beroendev\u00e5rd till socialtj\u00e4nster med utg\u00e5ngspunkt i individens aktuella behov. Samtalen sker p\u00e5 mottagningen alternativt digitalt och upptagningsomr\u00e5de \u00e4r hela Sverige. Jag har 18 \u00e5rs erfarenhet av att arbeta l\u00e5ngsiktigt med individer d\u00e4r det f\u00f6religger en komplex problematik s\u00e5som psykisk oh\u00e4lsa, beroende eller en kombination d\u00e4rav. Avtal skrivs per klient med minimum 6 veckor som grund.<\/p><p>F\u00f6r priser var god ta kontakt.&nbsp;<\/p>\n<p>Mottagningen har ej m\u00f6jlighet till att genomf\u00f6ra urinprov eller annan provtagning\/medicinsk uppf\u00f6ljning s\u00e5 detta b\u00f6r alltid ske via aktuell kommunal \u00f6ppenv\u00e5rd alternativ annan instans med m\u00f6jligheter till s\u00e5dan uppf\u00f6ljning.<\/p>\t\t\t\t\t\t\t\t<\/div>\n\t\t\t\t<\/div>\n\t\t\t\t<\/div>\n\t\t<div class=\"elementor-element elementor-element-2772968 e-con-full e-flex e-con e-child\" data-id=\"2772968\" data-element_type=\"container\" data-settings=\"{&quot;background_background&quot;:&quot;classic&quot;}\">\n\t\t<div class=\"elementor-element elementor-element-7402604 e-flex e-con-boxed e-con e-child\" data-id=\"7402604\" data-element_type=\"container\" data-settings=\"{&quot;background_background&quot;:&quot;classic&quot;}\">\n\t\t\t\t\t<div class=\"e-con-inner\">\n\t\t\t\t<div class=\"elementor-element elementor-element-0d7d58b elementor-widget elementor-widget-sidebar\" data-id=\"0d7d58b\" data-element_type=\"widget\" data-widget_type=\"sidebar.default\">\n\t\t\t\t<div class=\"elementor-widget-container\">\n\t\t\t\t\t<section id=\"text-5\" class=\"widget widget_text\"><div class=\"widget-title\">Contact me<\/div>\t\t\t<div class=\"textwidget\"><p>Call phone number: <a href=\"tel:+46707583210\" target=\"_blank\" rel=\"nofollow noopener\" data-mce-href=\"tel:+46707583210\">070-758 3210<\/a><\/p>\n<p>or send an email to:<\/p>\n<p><a href=\"mailto:jenny@terapirummetorebro.se\" data-mce-href=\"mailto:jenny@terapirummetorebro.se\">jenny@terapirummetorebro.se<\/a><\/p>\n<\/div>\n\t\t<\/section>\t\t\t\t<\/div>\n\t\t\t\t<\/div>\n\t\t\t\t\t<\/div>\n\t\t\t\t<\/div>\n\t\t\t\t<\/div>\n\t\t\t\t\t<\/div>\n\t\t\t\t<\/div>\n\t\t\t\t\t<\/div>\n\t\t\t\t<\/div>\n\t\t\t\t<\/div>\n\t\t","protected":false},"excerpt":{"rendered":"<p>F\u00f6retag Som del av mina tj\u00e4nster kan jag erbjuda f\u00f6retag beroendev\u00e5rd som komplement till era \u00f6vriga f\u00f6retagsh\u00e4lsov\u00e5rdstj\u00e4nster. Samtalen sker inom ramen f\u00f6r KBT samt beroendeterapi. M\u00e5ls\u00e4ttningen \u00e4r att st\u00f6tta individen samt tillse att hon\/han har tillg\u00e5ng till verktyg f\u00f6r att uppr\u00e4tth\u00e5lla nykterhet\/drogfrihet. Mottagningen har ej m\u00f6jlighet att genomf\u00f6ra urinprov eller annan provtagning\/medicinsk uppf\u00f6ljning s\u00e5 detta&hellip;<\/p>\n","protected":false},"author":6,"featured_media":0,"parent":0,"menu_order":0,"comment_status":"closed","ping_status":"closed","template":"","meta":{"footnotes":""},"class_list":["post-2435","page","type-page","status-publish","hentry"],"translation":{"provider":"WPGlobus","version":"3.0.1","language":"en","enabled_languages":["sv","en"],"languages":{"sv":{"title":true,"content":true,"excerpt":false},"en":{"title":false,"content":false,"excerpt":false}}},"aioseo_notices":[],"_links":{"self":[{"href":"https:\/\/terapirummetorebro.se\/en\/wp-json\/wp\/v2\/pages\/2435","targetHints":{"allow":["GET"]}}],"collection":[{"href":"https:\/\/terapirummetorebro.se\/en\/wp-json\/wp\/v2\/pages"}],"about":[{"href":"https:\/\/terapirummetorebro.se\/en\/wp-json\/wp\/v2\/types\/page"}],"author":[{"embeddable":true,"href":"https:\/\/terapirummetorebro.se\/en\/wp-json\/wp\/v2\/users\/6"}],"replies":[{"embeddable":true,"href":"https:\/\/terapirummetorebro.se\/en\/wp-json\/wp\/v2\/comments?post=2435"}],"version-history":[{"count":6,"href":"https:\/\/terapirummetorebro.se\/en\/wp-json\/wp\/v2\/pages\/2435\/revisions"}],"predecessor-version":[{"id":2791,"href":"https:\/\/terapirummetorebro.se\/en\/wp-json\/wp\/v2\/pages\/2435\/revisions\/2791"}],"wp:attachment":[{"href":"https:\/\/terapirummetorebro.se\/en\/wp-json\/wp\/v2\/media?parent=2435"}],"curies":[{"name":"wp","href":"https:\/\/api.w.org\/{rel}","templated":true}]}}