{"id":1872,"date":"2024-04-26T18:39:57","date_gmt":"2024-04-26T16:39:57","guid":{"rendered":"https:\/\/terapirummetorebro.se\/?page_id=1872"},"modified":"2024-05-07T15:19:01","modified_gmt":"2024-05-07T13:19:01","slug":"samtalsstod-hos-terapirummet-orebro","status":"publish","type":"page","link":"https:\/\/terapirummetorebro.se\/en\/samtalsstod-hos-terapirummet-orebro\/","title":{"rendered":"Samtalsst\u00f6d hos Terapirummet \u00d6rebro"},"content":{"rendered":"\t\t<div data-elementor-type=\"wp-page\" data-elementor-id=\"1872\" class=\"elementor elementor-1872\">\n\t\t\t\t<div class=\"elementor-element elementor-element-67cf578 e-flex e-con-boxed e-con e-parent\" data-id=\"67cf578\" data-element_type=\"container\">\n\t\t\t\t\t<div class=\"e-con-inner\">\n\t\t<div class=\"elementor-element elementor-element-887a686 e-flex e-con-boxed e-con e-child\" data-id=\"887a686\" data-element_type=\"container\">\n\t\t\t\t\t<div class=\"e-con-inner\">\n\t\t<div class=\"elementor-element elementor-element-e74541f e-con-full e-flex e-con e-child\" data-id=\"e74541f\" data-element_type=\"container\">\n\t\t\t\t<div class=\"elementor-element elementor-element-0e4e08c e-transform elementor-widget elementor-widget-image\" data-id=\"0e4e08c\" data-element_type=\"widget\" data-settings=\"{&quot;_transform_rotateZ_effect&quot;:{&quot;unit&quot;:&quot;px&quot;,&quot;size&quot;:&quot;&quot;,&quot;sizes&quot;:[]},&quot;_transform_rotateZ_effect_tablet&quot;:{&quot;unit&quot;:&quot;deg&quot;,&quot;size&quot;:&quot;&quot;,&quot;sizes&quot;:[]},&quot;_transform_rotateZ_effect_mobile&quot;:{&quot;unit&quot;:&quot;deg&quot;,&quot;size&quot;:&quot;&quot;,&quot;sizes&quot;:[]}}\" data-widget_type=\"image.default\">\n\t\t\t\t<div class=\"elementor-widget-container\">\n\t\t\t\t\t\t\t\t\t\t\t\t\t\t\t<img fetchpriority=\"high\" decoding=\"async\" width=\"944\" height=\"708\" src=\"data:image\/svg+xml;charset=utf-8,%3Csvg xmlns%3D'http%3A%2F%2Fwww.w3.org%2F2000%2Fsvg' viewBox%3D'0 0 944 708'%2F%3E\" data-src=\"https:\/\/terapirummetorebro.se\/wp-content\/uploads\/2024\/04\/gronska-vaxer.jpg\" class=\"lazy-load attachment-large size-large wp-image-1501\" alt=\"\" data-srcset=\"https:\/\/terapirummetorebro.se\/wp-content\/uploads\/2024\/04\/gronska-vaxer.jpg 944w, https:\/\/terapirummetorebro.se\/wp-content\/uploads\/2024\/04\/gronska-vaxer-300x225.jpg 300w, https:\/\/terapirummetorebro.se\/wp-content\/uploads\/2024\/04\/gronska-vaxer-768x576.jpg 768w\" sizes=\"(max-width: 944px) 100vw, 944px\" \/>\t\t\t\t\t\t\t\t\t\t\t\t\t\t\t<\/div>\n\t\t\t\t<\/div>\n\t\t\t\t<\/div>\n\t\t<div class=\"elementor-element elementor-element-b8769ca e-con-full e-flex e-con e-child\" data-id=\"b8769ca\" data-element_type=\"container\">\n\t\t\t\t<div class=\"elementor-element elementor-element-58c3a94 elementor-widget elementor-widget-heading\" data-id=\"58c3a94\" data-element_type=\"widget\" data-widget_type=\"heading.default\">\n\t\t\t\t<div class=\"elementor-widget-container\">\n\t\t\t\t\t<h2 class=\"elementor-heading-title elementor-size-default\">S\u00e5 fungerar samtalsst\u00f6d hos Terapirummet \u00d6rebro<\/h2>\t\t\t\t<\/div>\n\t\t\t\t<\/div>\n\t\t\t\t<div class=\"elementor-element elementor-element-40eb412 elementor-widget elementor-widget-text-editor\" data-id=\"40eb412\" data-element_type=\"widget\" data-widget_type=\"text-editor.default\">\n\t\t\t\t<div class=\"elementor-widget-container\">\n\t\t\t\t\t\t\t\t\t<p>H\u00e4r kan du l\u00e4sa mer om hur det fungerar med samtalsst\u00f6d hos mig. Om du har n\u00e5gra fr\u00e5gor \u00e4r du givetvis v\u00e4lkommen att kontakta mig.<\/p>\t\t\t\t\t\t\t\t<\/div>\n\t\t\t\t<\/div>\n\t\t\t\t<div class=\"elementor-element elementor-element-ae2c2ef elementor-widget elementor-widget-spacer\" data-id=\"ae2c2ef\" data-element_type=\"widget\" data-widget_type=\"spacer.default\">\n\t\t\t\t<div class=\"elementor-widget-container\">\n\t\t\t\t\t\t\t<div class=\"elementor-spacer\">\n\t\t\t<div class=\"elementor-spacer-inner\"><\/div>\n\t\t<\/div>\n\t\t\t\t\t\t<\/div>\n\t\t\t\t<\/div>\n\t\t\t\t<\/div>\n\t\t\t\t\t<\/div>\n\t\t\t\t<\/div>\n\t\t<div class=\"elementor-element elementor-element-10741ad e-flex e-con-boxed e-con e-child\" data-id=\"10741ad\" data-element_type=\"container\">\n\t\t\t\t\t<div class=\"e-con-inner\">\n\t\t<div class=\"elementor-element elementor-element-b4f7717 e-con-full e-flex e-con e-child\" data-id=\"b4f7717\" data-element_type=\"container\">\n\t\t\t\t<div class=\"elementor-element elementor-element-9e4e3f6 elementor-widget elementor-widget-heading\" data-id=\"9e4e3f6\" data-element_type=\"widget\" data-widget_type=\"heading.default\">\n\t\t\t\t<div class=\"elementor-widget-container\">\n\t\t\t\t\t<h5 class=\"elementor-heading-title elementor-size-default\">1.<\/h5>\t\t\t\t<\/div>\n\t\t\t\t<\/div>\n\t\t\t\t<div class=\"elementor-element elementor-element-b6fd018 elementor-widget elementor-widget-text-editor\" data-id=\"b6fd018\" data-element_type=\"widget\" data-widget_type=\"text-editor.default\">\n\t\t\t\t<div class=\"elementor-widget-container\">\n\t\t\t\t\t\t\t\t\t<p>N\u00e4r man bokar samtalsst\u00f6d hos mig b\u00f6rjar vi med ett f\u00f6rsta bed\u00f6mningssamtal. Samtalet varar i 60 min och funktionen \u00e4r att jag ska f\u00e5 en m\u00f6jlighet att b\u00f6rja kartl\u00e4gga din situation och ditt m\u00e5ende. Det ger \u00e4ven dig en m\u00f6jlighet att k\u00e4nna av om jag som terapeut kan vara en god match.<\/p>\t\t\t\t\t\t\t\t<\/div>\n\t\t\t\t<\/div>\n\t\t\t\t<div class=\"elementor-element elementor-element-910bd12 elementor-widget elementor-widget-spacer\" data-id=\"910bd12\" data-element_type=\"widget\" data-widget_type=\"spacer.default\">\n\t\t\t\t<div class=\"elementor-widget-container\">\n\t\t\t\t\t\t\t<div class=\"elementor-spacer\">\n\t\t\t<div class=\"elementor-spacer-inner\"><\/div>\n\t\t<\/div>\n\t\t\t\t\t\t<\/div>\n\t\t\t\t<\/div>\n\t\t\t\t<div class=\"elementor-element elementor-element-d68d73c elementor-widget elementor-widget-heading\" data-id=\"d68d73c\" data-element_type=\"widget\" data-widget_type=\"heading.default\">\n\t\t\t\t<div class=\"elementor-widget-container\">\n\t\t\t\t\t<h5 class=\"elementor-heading-title elementor-size-default\">2.<\/h5>\t\t\t\t<\/div>\n\t\t\t\t<\/div>\n\t\t\t\t<div class=\"elementor-element elementor-element-8cfff96 elementor-widget elementor-widget-text-editor\" data-id=\"8cfff96\" data-element_type=\"widget\" data-widget_type=\"text-editor.default\">\n\t\t\t\t<div class=\"elementor-widget-container\">\n\t\t\t\t\t\t\t\t\t<p>N\u00e4stkommande samtal \u00e4r alltid ca 45 min. Vanligtvis kommer man i terapi tv\u00e5 g\u00e5nger per m\u00e5nad men vissa f\u00f6redrar varje vecka. Hur ofta du \u00f6nskar komma \u00e4r n\u00e5got vi tillsammans utforskar under bed\u00f6mningssamtalet.<\/p>\t\t\t\t\t\t\t\t<\/div>\n\t\t\t\t<\/div>\n\t\t\t\t<div class=\"elementor-element elementor-element-7dfd6f8 elementor-widget elementor-widget-spacer\" data-id=\"7dfd6f8\" data-element_type=\"widget\" data-widget_type=\"spacer.default\">\n\t\t\t\t<div class=\"elementor-widget-container\">\n\t\t\t\t\t\t\t<div class=\"elementor-spacer\">\n\t\t\t<div class=\"elementor-spacer-inner\"><\/div>\n\t\t<\/div>\n\t\t\t\t\t\t<\/div>\n\t\t\t\t<\/div>\n\t\t\t\t<div class=\"elementor-element elementor-element-31adbaf elementor-widget elementor-widget-heading\" data-id=\"31adbaf\" data-element_type=\"widget\" data-widget_type=\"heading.default\">\n\t\t\t\t<div class=\"elementor-widget-container\">\n\t\t\t\t\t<h5 class=\"elementor-heading-title elementor-size-default\">3.<\/h5>\t\t\t\t<\/div>\n\t\t\t\t<\/div>\n\t\t\t\t<div class=\"elementor-element elementor-element-50ffed3 elementor-widget elementor-widget-text-editor\" data-id=\"50ffed3\" data-element_type=\"widget\" data-widget_type=\"text-editor.default\">\n\t\t\t\t<div class=\"elementor-widget-container\">\n\t\t\t\t\t\t\t\t\t<p>Under den kartl\u00e4ggande perioden (ca 2-3 samtal) kommer vi att tillsammans skapa en bild av din situation. Detta sker dels genom samtalen men \u00e4ven genom att jag ber dig att fylla i olika typer av skattningsformul\u00e4r. Sammantaget mynnar detta ut i ett samtal d\u00e4r vi tillsammans b\u00f6rjar arbetet fram\u00e5t. M\u00e5ls\u00e4ttningen med terapin \u00e4r alltid att din livskvalit\u00e9 ska \u00f6ka och du ska k\u00e4nna en minskning av negativa symtom.<\/p>\t\t\t\t\t\t\t\t<\/div>\n\t\t\t\t<\/div>\n\t\t\t\t<div class=\"elementor-element elementor-element-206e1ea elementor-widget elementor-widget-spacer\" data-id=\"206e1ea\" data-element_type=\"widget\" data-widget_type=\"spacer.default\">\n\t\t\t\t<div class=\"elementor-widget-container\">\n\t\t\t\t\t\t\t<div class=\"elementor-spacer\">\n\t\t\t<div class=\"elementor-spacer-inner\"><\/div>\n\t\t<\/div>\n\t\t\t\t\t\t<\/div>\n\t\t\t\t<\/div>\n\t\t\t\t<div class=\"elementor-element elementor-element-1c1713c elementor-widget elementor-widget-heading\" data-id=\"1c1713c\" data-element_type=\"widget\" data-widget_type=\"heading.default\">\n\t\t\t\t<div class=\"elementor-widget-container\">\n\t\t\t\t\t<h5 class=\"elementor-heading-title elementor-size-default\">4.<\/h5>\t\t\t\t<\/div>\n\t\t\t\t<\/div>\n\t\t\t\t<div class=\"elementor-element elementor-element-69ec005 elementor-widget elementor-widget-text-editor\" data-id=\"69ec005\" data-element_type=\"widget\" data-widget_type=\"text-editor.default\">\n\t\t\t\t<div class=\"elementor-widget-container\">\n\t\t\t\t\t\t\t\t\t<p>De behandlande samtalen p\u00e5g\u00e5r s\u00e5 l\u00e4nge som du beh\u00f6ver. Det \u00e4r alltid du som individ som st\u00e5r i centrum och antal samtal \u00e4r olika beroende p\u00e5 utg\u00e5ngsl\u00e4ge och m\u00e5l med terapin. Samtalsterapi kan p\u00e5g\u00e5 i allt fr\u00e5n mellan 10 och 12 samtal till att du kommer regelbundet i ett \u00e5r eller mer.<\/p>\t\t\t\t\t\t\t\t<\/div>\n\t\t\t\t<\/div>\n\t\t\t\t<div class=\"elementor-element elementor-element-a4d2a43 elementor-widget elementor-widget-spacer\" data-id=\"a4d2a43\" data-element_type=\"widget\" data-widget_type=\"spacer.default\">\n\t\t\t\t<div class=\"elementor-widget-container\">\n\t\t\t\t\t\t\t<div class=\"elementor-spacer\">\n\t\t\t<div class=\"elementor-spacer-inner\"><\/div>\n\t\t<\/div>\n\t\t\t\t\t\t<\/div>\n\t\t\t\t<\/div>\n\t\t\t\t<\/div>\n\t\t<div class=\"elementor-element elementor-element-2772968 e-con-full e-flex e-con e-child\" data-id=\"2772968\" data-element_type=\"container\" data-settings=\"{&quot;background_background&quot;:&quot;classic&quot;}\">\n\t\t<div class=\"elementor-element elementor-element-7402604 e-flex e-con-boxed e-con e-child\" data-id=\"7402604\" data-element_type=\"container\" data-settings=\"{&quot;background_background&quot;:&quot;classic&quot;}\">\n\t\t\t\t\t<div class=\"e-con-inner\">\n\t\t\t\t<div class=\"elementor-element elementor-element-0d7d58b elementor-widget elementor-widget-sidebar\" data-id=\"0d7d58b\" data-element_type=\"widget\" data-widget_type=\"sidebar.default\">\n\t\t\t\t<div class=\"elementor-widget-container\">\n\t\t\t\t\t<section id=\"text-5\" class=\"widget widget_text\"><div class=\"widget-title\">Contact me<\/div>\t\t\t<div class=\"textwidget\"><p>Call phone number: <a href=\"tel:+46707583210\" target=\"_blank\" rel=\"nofollow noopener\" data-mce-href=\"tel:+46707583210\">070-758 3210<\/a><\/p>\n<p>or send an email to:<\/p>\n<p><a href=\"mailto:jenny@terapirummetorebro.se\" data-mce-href=\"mailto:jenny@terapirummetorebro.se\">jenny@terapirummetorebro.se<\/a><\/p>\n<\/div>\n\t\t<\/section>\t\t\t\t<\/div>\n\t\t\t\t<\/div>\n\t\t\t\t\t<\/div>\n\t\t\t\t<\/div>\n\t\t\t\t<\/div>\n\t\t\t\t\t<\/div>\n\t\t\t\t<\/div>\n\t\t\t\t\t<\/div>\n\t\t\t\t<\/div>\n\t\t\t\t<\/div>\n\t\t","protected":false},"excerpt":{"rendered":"<p>S\u00e5 fungerar samtalsst\u00f6d hos Terapirummet \u00d6rebro H\u00e4r kan du l\u00e4sa mer om hur det fungerar med samtalsst\u00f6d hos mig. Om du har n\u00e5gra fr\u00e5gor \u00e4r du givetvis v\u00e4lkommen att kontakta mig. 1. N\u00e4r man bokar samtalsst\u00f6d hos mig b\u00f6rjar vi med ett f\u00f6rsta bed\u00f6mningssamtal. Samtalet varar i 60 min och funktionen \u00e4r att jag ska&hellip;<\/p>\n","protected":false},"author":2,"featured_media":0,"parent":0,"menu_order":0,"comment_status":"closed","ping_status":"closed","template":"","meta":{"footnotes":""},"class_list":["post-1872","page","type-page","status-publish","hentry"],"translation":{"provider":"WPGlobus","version":"3.0.1","language":"en","enabled_languages":["sv","en"],"languages":{"sv":{"title":true,"content":true,"excerpt":false},"en":{"title":false,"content":false,"excerpt":false}}},"aioseo_notices":[],"_links":{"self":[{"href":"https:\/\/terapirummetorebro.se\/en\/wp-json\/wp\/v2\/pages\/1872","targetHints":{"allow":["GET"]}}],"collection":[{"href":"https:\/\/terapirummetorebro.se\/en\/wp-json\/wp\/v2\/pages"}],"about":[{"href":"https:\/\/terapirummetorebro.se\/en\/wp-json\/wp\/v2\/types\/page"}],"author":[{"embeddable":true,"href":"https:\/\/terapirummetorebro.se\/en\/wp-json\/wp\/v2\/users\/2"}],"replies":[{"embeddable":true,"href":"https:\/\/terapirummetorebro.se\/en\/wp-json\/wp\/v2\/comments?post=1872"}],"version-history":[{"count":5,"href":"https:\/\/terapirummetorebro.se\/en\/wp-json\/wp\/v2\/pages\/1872\/revisions"}],"predecessor-version":[{"id":1921,"href":"https:\/\/terapirummetorebro.se\/en\/wp-json\/wp\/v2\/pages\/1872\/revisions\/1921"}],"wp:attachment":[{"href":"https:\/\/terapirummetorebro.se\/en\/wp-json\/wp\/v2\/media?parent=1872"}],"curies":[{"name":"wp","href":"https:\/\/api.w.org\/{rel}","templated":true}]}}