{"id":1770,"date":"2024-04-25T18:47:21","date_gmt":"2024-04-25T16:47:21","guid":{"rendered":"https:\/\/terapirummetorebro.se\/?page_id=1770"},"modified":"2024-06-06T11:05:20","modified_gmt":"2024-06-06T09:05:20","slug":"anhorigstod","status":"publish","type":"page","link":"https:\/\/terapirummetorebro.se\/en\/anhorigstod\/","title":{"rendered":"Anh\u00f6rigst\u00f6d"},"content":{"rendered":"\t\t<div data-elementor-type=\"wp-page\" data-elementor-id=\"1770\" class=\"elementor elementor-1770\">\n\t\t\t\t<div class=\"elementor-element elementor-element-67cf578 e-flex e-con-boxed e-con e-parent\" data-id=\"67cf578\" data-element_type=\"container\">\n\t\t\t\t\t<div class=\"e-con-inner\">\n\t\t<div class=\"elementor-element elementor-element-887a686 e-flex e-con-boxed e-con e-child\" data-id=\"887a686\" data-element_type=\"container\">\n\t\t\t\t\t<div class=\"e-con-inner\">\n\t\t<div class=\"elementor-element elementor-element-e74541f e-con-full e-flex e-con e-child\" data-id=\"e74541f\" data-element_type=\"container\">\n\t\t\t\t<div class=\"elementor-element elementor-element-0e4e08c e-transform elementor-widget elementor-widget-image\" data-id=\"0e4e08c\" data-element_type=\"widget\" data-settings=\"{&quot;_transform_rotateZ_effect&quot;:{&quot;unit&quot;:&quot;px&quot;,&quot;size&quot;:&quot;&quot;,&quot;sizes&quot;:[]},&quot;_transform_rotateZ_effect_tablet&quot;:{&quot;unit&quot;:&quot;deg&quot;,&quot;size&quot;:&quot;&quot;,&quot;sizes&quot;:[]},&quot;_transform_rotateZ_effect_mobile&quot;:{&quot;unit&quot;:&quot;deg&quot;,&quot;size&quot;:&quot;&quot;,&quot;sizes&quot;:[]}}\" data-widget_type=\"image.default\">\n\t\t\t\t<div class=\"elementor-widget-container\">\n\t\t\t\t\t\t\t\t\t\t\t\t\t\t\t<img fetchpriority=\"high\" decoding=\"async\" width=\"1024\" height=\"768\" src=\"data:image\/svg+xml;charset=utf-8,%3Csvg xmlns%3D'http%3A%2F%2Fwww.w3.org%2F2000%2Fsvg' viewBox%3D'0 0 1024 768'%2F%3E\" data-src=\"https:\/\/terapirummetorebro.se\/wp-content\/uploads\/2024\/04\/samtalsterapi-plan.jpg\" class=\"lazy-load attachment-large size-large wp-image-1504\" alt=\"\" data-srcset=\"https:\/\/terapirummetorebro.se\/wp-content\/uploads\/2024\/04\/samtalsterapi-plan.jpg 1024w, https:\/\/terapirummetorebro.se\/wp-content\/uploads\/2024\/04\/samtalsterapi-plan-300x225.jpg 300w, https:\/\/terapirummetorebro.se\/wp-content\/uploads\/2024\/04\/samtalsterapi-plan-768x576.jpg 768w\" sizes=\"(max-width: 1024px) 100vw, 1024px\" \/>\t\t\t\t\t\t\t\t\t\t\t\t\t\t\t<\/div>\n\t\t\t\t<\/div>\n\t\t\t\t<\/div>\n\t\t<div class=\"elementor-element elementor-element-b8769ca e-con-full e-flex e-con e-child\" data-id=\"b8769ca\" data-element_type=\"container\">\n\t\t\t\t<div class=\"elementor-element elementor-element-58c3a94 elementor-widget elementor-widget-heading\" data-id=\"58c3a94\" data-element_type=\"widget\" data-widget_type=\"heading.default\">\n\t\t\t\t<div class=\"elementor-widget-container\">\n\t\t\t\t\t<h2 class=\"elementor-heading-title elementor-size-default\">I sv\u00e5ra perioder beh\u00f6vs utrymme f\u00f6r samtal<\/h2>\t\t\t\t<\/div>\n\t\t\t\t<\/div>\n\t\t\t\t<div class=\"elementor-element elementor-element-40eb412 elementor-widget elementor-widget-text-editor\" data-id=\"40eb412\" data-element_type=\"widget\" data-widget_type=\"text-editor.default\">\n\t\t\t\t<div class=\"elementor-widget-container\">\n\t\t\t\t\t\t\t\t\t<p>Ibland i livet g\u00e5r en n\u00e4rst\u00e5ende eller v\u00e4n genom en sv\u00e5r period och som anh\u00f6rig \u00e4r det viktigt att ha ett utrymme att f\u00e5 samtala i om sina behov och sina upplevelser i f\u00f6rh\u00e5llande till den som g\u00e5tt igenom n\u00e5got sv\u00e5rt. Det kan handla om skilsm\u00e4ssa, psykisk oh\u00e4lsa, sv\u00e5r sjukdom, f\u00f6rlust\/sorg eller missbruksproblematik. Ibland har man st\u00e5tt som anh\u00f6rig st\u00f6rre delar av livet och ibland har det nyligen uppst\u00e5tt sv\u00e5righeter. Oavsett \u00e4r det viktigt att du som anh\u00f6rig f\u00e5r samtal om hur du m\u00e5r, vad du k\u00e4nner och hur situationen har p\u00e5verkat dig.<\/p>\t\t\t\t\t\t\t\t<\/div>\n\t\t\t\t<\/div>\n\t\t\t\t<\/div>\n\t\t\t\t\t<\/div>\n\t\t\t\t<\/div>\n\t\t<div class=\"elementor-element elementor-element-10741ad e-flex e-con-boxed e-con e-child\" data-id=\"10741ad\" data-element_type=\"container\">\n\t\t\t\t\t<div class=\"e-con-inner\">\n\t\t<div class=\"elementor-element elementor-element-b4f7717 e-con-full e-flex e-con e-child\" data-id=\"b4f7717\" data-element_type=\"container\">\n\t\t\t\t<div class=\"elementor-element elementor-element-12fe6b6 elementor-widget elementor-widget-heading\" data-id=\"12fe6b6\" data-element_type=\"widget\" data-widget_type=\"heading.default\">\n\t\t\t\t<div class=\"elementor-widget-container\">\n\t\t\t\t\t<h2 class=\"elementor-heading-title elementor-size-default\">S\u00e4tt ord p\u00e5 k\u00e4nslor och upplevelser<\/h2>\t\t\t\t<\/div>\n\t\t\t\t<\/div>\n\t\t\t\t<div class=\"elementor-element elementor-element-b6fd018 elementor-widget elementor-widget-text-editor\" data-id=\"b6fd018\" data-element_type=\"widget\" data-widget_type=\"text-editor.default\">\n\t\t\t\t<div class=\"elementor-widget-container\">\n\t\t\t\t\t\t\t\t\t<p>Som anh\u00f6rig \u00e4r det l\u00e4tt att f\u00e5ngas upp i det som p\u00e5g\u00e5r och genom att f\u00e5 samtala inom ramen f\u00f6r KBT kan man f\u00e5 s\u00e4tta ord p\u00e5 sina k\u00e4nslor och upplevelser samt f\u00e5 insikt i hur ens egna beteenden har p\u00e5verkats i processen.<\/p>\n<p><\/p>\n<p>Anh\u00f6rigst\u00f6d kan p\u00e5g\u00e5 under en kortare eller l\u00e4ngre period. M\u00e5nga anh\u00f6riga beh\u00f6ver st\u00f6d i att s\u00e4tta gr\u00e4nser samt v\u00e4rna om sig sj\u00e4lv. Ibland har man som anh\u00f6rig en \u00f6kad \u00e5ngest\/oro samt att det som p\u00e5g\u00e5r kan p\u00e5verka s\u00f6mnen negativt.<\/p><p><br><\/p><p>Inom ramen f\u00f6r anh\u00f6rigst\u00f6d finns ocks\u00e5 m\u00f6jlighet att arbeta med Craft metoden d\u00e4r du som anh\u00f6rig kan f\u00e5 verktyg att m\u00f6ta och st\u00f6dja beroendepersonligheter i din omgivning. Craft metoden \u00e4r en verktygsl\u00e5da i sig sj\u00e4lv och en v\u00e4lbepr\u00f6vad metod d\u00e4r du som anh\u00f6rig f\u00e5r ett tydlig ramverk att arbeta inom.&nbsp;<\/p>\n<p><\/p>\n<p>Hos Terapirummet \u00d6rebro \u00e4r du v\u00e4lkommen om du som anh\u00f6rig beh\u00f6ver st\u00f6d i livet. Jag har l\u00e5ng erfarenhet av att arbeta direkt med klienter med sv\u00e5r psykisk oh\u00e4lsa samt beroende och kan st\u00f6dja dig via samtalskontakt.<\/p>\t\t\t\t\t\t\t\t<\/div>\n\t\t\t\t<\/div>\n\t\t\t\t<div class=\"elementor-element elementor-element-5c5e57b elementor-widget elementor-widget-spacer\" data-id=\"5c5e57b\" data-element_type=\"widget\" data-widget_type=\"spacer.default\">\n\t\t\t\t<div class=\"elementor-widget-container\">\n\t\t\t\t\t\t\t<div class=\"elementor-spacer\">\n\t\t\t<div class=\"elementor-spacer-inner\"><\/div>\n\t\t<\/div>\n\t\t\t\t\t\t<\/div>\n\t\t\t\t<\/div>\n\t\t\t\t<\/div>\n\t\t<div class=\"elementor-element elementor-element-2772968 e-con-full e-flex e-con e-child\" data-id=\"2772968\" data-element_type=\"container\" data-settings=\"{&quot;background_background&quot;:&quot;classic&quot;}\">\n\t\t<div class=\"elementor-element elementor-element-7402604 e-flex e-con-boxed e-con e-child\" data-id=\"7402604\" data-element_type=\"container\" data-settings=\"{&quot;background_background&quot;:&quot;classic&quot;}\">\n\t\t\t\t\t<div class=\"e-con-inner\">\n\t\t\t\t<div class=\"elementor-element elementor-element-0d7d58b elementor-widget elementor-widget-sidebar\" data-id=\"0d7d58b\" data-element_type=\"widget\" data-widget_type=\"sidebar.default\">\n\t\t\t\t<div class=\"elementor-widget-container\">\n\t\t\t\t\t<section id=\"text-5\" class=\"widget widget_text\"><div class=\"widget-title\">Contact me<\/div>\t\t\t<div class=\"textwidget\"><p>Call phone number: <a href=\"tel:+46707583210\" target=\"_blank\" rel=\"nofollow noopener\" data-mce-href=\"tel:+46707583210\">070-758 3210<\/a><\/p>\n<p>or send an email to:<\/p>\n<p><a href=\"mailto:jenny@terapirummetorebro.se\" data-mce-href=\"mailto:jenny@terapirummetorebro.se\">jenny@terapirummetorebro.se<\/a><\/p>\n<\/div>\n\t\t<\/section>\t\t\t\t<\/div>\n\t\t\t\t<\/div>\n\t\t\t\t\t<\/div>\n\t\t\t\t<\/div>\n\t\t\t\t<\/div>\n\t\t\t\t\t<\/div>\n\t\t\t\t<\/div>\n\t\t\t\t\t<\/div>\n\t\t\t\t<\/div>\n\t\t\t\t<\/div>\n\t\t","protected":false},"excerpt":{"rendered":"<p>I sv\u00e5ra perioder beh\u00f6vs utrymme f\u00f6r samtal Ibland i livet g\u00e5r en n\u00e4rst\u00e5ende eller v\u00e4n genom en sv\u00e5r period och som anh\u00f6rig \u00e4r det viktigt att ha ett utrymme att f\u00e5 samtala i om sina behov och sina upplevelser i f\u00f6rh\u00e5llande till den som g\u00e5tt igenom n\u00e5got sv\u00e5rt. Det kan handla om skilsm\u00e4ssa, psykisk oh\u00e4lsa,&hellip;<\/p>\n","protected":false},"author":2,"featured_media":0,"parent":0,"menu_order":0,"comment_status":"closed","ping_status":"closed","template":"","meta":{"footnotes":""},"class_list":["post-1770","page","type-page","status-publish","hentry"],"translation":{"provider":"WPGlobus","version":"3.0.1","language":"en","enabled_languages":["sv","en"],"languages":{"sv":{"title":true,"content":true,"excerpt":false},"en":{"title":false,"content":false,"excerpt":false}}},"aioseo_notices":[],"_links":{"self":[{"href":"https:\/\/terapirummetorebro.se\/en\/wp-json\/wp\/v2\/pages\/1770","targetHints":{"allow":["GET"]}}],"collection":[{"href":"https:\/\/terapirummetorebro.se\/en\/wp-json\/wp\/v2\/pages"}],"about":[{"href":"https:\/\/terapirummetorebro.se\/en\/wp-json\/wp\/v2\/types\/page"}],"author":[{"embeddable":true,"href":"https:\/\/terapirummetorebro.se\/en\/wp-json\/wp\/v2\/users\/2"}],"replies":[{"embeddable":true,"href":"https:\/\/terapirummetorebro.se\/en\/wp-json\/wp\/v2\/comments?post=1770"}],"version-history":[{"count":6,"href":"https:\/\/terapirummetorebro.se\/en\/wp-json\/wp\/v2\/pages\/1770\/revisions"}],"predecessor-version":[{"id":2390,"href":"https:\/\/terapirummetorebro.se\/en\/wp-json\/wp\/v2\/pages\/1770\/revisions\/2390"}],"wp:attachment":[{"href":"https:\/\/terapirummetorebro.se\/en\/wp-json\/wp\/v2\/media?parent=1770"}],"curies":[{"name":"wp","href":"https:\/\/api.w.org\/{rel}","templated":true}]}}