{"id":1755,"date":"2024-04-25T17:15:51","date_gmt":"2024-04-25T15:15:51","guid":{"rendered":"https:\/\/terapirummetorebro.se\/?page_id=1755"},"modified":"2025-01-20T10:47:57","modified_gmt":"2025-01-20T09:47:57","slug":"riskbruk","status":"publish","type":"page","link":"https:\/\/terapirummetorebro.se\/en\/riskbruk\/","title":{"rendered":"Riskbruk och beroende"},"content":{"rendered":"\t\t<div data-elementor-type=\"wp-page\" data-elementor-id=\"1755\" class=\"elementor elementor-1755\">\n\t\t\t\t<div class=\"elementor-element elementor-element-67cf578 e-flex e-con-boxed e-con e-parent\" data-id=\"67cf578\" data-element_type=\"container\">\n\t\t\t\t\t<div class=\"e-con-inner\">\n\t\t<div class=\"elementor-element elementor-element-887a686 e-flex e-con-boxed e-con e-child\" data-id=\"887a686\" data-element_type=\"container\">\n\t\t\t\t\t<div class=\"e-con-inner\">\n\t\t<div class=\"elementor-element elementor-element-e74541f e-con-full e-flex e-con e-child\" data-id=\"e74541f\" data-element_type=\"container\">\n\t\t\t\t<div class=\"elementor-element elementor-element-0e4e08c e-transform elementor-widget elementor-widget-image\" data-id=\"0e4e08c\" data-element_type=\"widget\" data-settings=\"{&quot;_transform_rotateZ_effect&quot;:{&quot;unit&quot;:&quot;px&quot;,&quot;size&quot;:&quot;&quot;,&quot;sizes&quot;:[]},&quot;_transform_rotateZ_effect_tablet&quot;:{&quot;unit&quot;:&quot;deg&quot;,&quot;size&quot;:&quot;&quot;,&quot;sizes&quot;:[]},&quot;_transform_rotateZ_effect_mobile&quot;:{&quot;unit&quot;:&quot;deg&quot;,&quot;size&quot;:&quot;&quot;,&quot;sizes&quot;:[]}}\" data-widget_type=\"image.default\">\n\t\t\t\t<div class=\"elementor-widget-container\">\n\t\t\t\t\t\t\t\t\t\t\t\t\t\t\t<img fetchpriority=\"high\" decoding=\"async\" width=\"1000\" height=\"750\" src=\"data:image\/svg+xml;charset=utf-8,%3Csvg xmlns%3D'http%3A%2F%2Fwww.w3.org%2F2000%2Fsvg' viewBox%3D'0 0 1000 750'%2F%3E\" data-src=\"https:\/\/terapirummetorebro.se\/wp-content\/uploads\/2024\/04\/stenar-en-hjalpande-hand.jpg\" class=\"lazy-load attachment-large size-large wp-image-1505\" alt=\"\" data-srcset=\"https:\/\/terapirummetorebro.se\/wp-content\/uploads\/2024\/04\/stenar-en-hjalpande-hand.jpg 1000w, https:\/\/terapirummetorebro.se\/wp-content\/uploads\/2024\/04\/stenar-en-hjalpande-hand-300x225.jpg 300w, https:\/\/terapirummetorebro.se\/wp-content\/uploads\/2024\/04\/stenar-en-hjalpande-hand-768x576.jpg 768w\" sizes=\"(max-width: 1000px) 100vw, 1000px\" \/>\t\t\t\t\t\t\t\t\t\t\t\t\t\t\t<\/div>\n\t\t\t\t<\/div>\n\t\t\t\t<\/div>\n\t\t<div class=\"elementor-element elementor-element-b8769ca e-con-full e-flex e-con e-child\" data-id=\"b8769ca\" data-element_type=\"container\">\n\t\t\t\t<div class=\"elementor-element elementor-element-58c3a94 elementor-widget elementor-widget-heading\" data-id=\"58c3a94\" data-element_type=\"widget\" data-widget_type=\"heading.default\">\n\t\t\t\t<div class=\"elementor-widget-container\">\n\t\t\t\t\t<h2 class=\"elementor-heading-title elementor-size-default\">Vad \u00e4r vad inom riskbruk och beroende?<\/h2>\t\t\t\t<\/div>\n\t\t\t\t<\/div>\n\t\t\t\t<div class=\"elementor-element elementor-element-40eb412 elementor-widget elementor-widget-text-editor\" data-id=\"40eb412\" data-element_type=\"widget\" data-widget_type=\"text-editor.default\">\n\t\t\t\t<div class=\"elementor-widget-container\">\n\t\t\t\t\t\t\t\t\t<p>Riskbruk av alkohol \u00e4r i sig inte en diagnos. Riskbruk \u00e4r en terminologi som anv\u00e4nds d\u00e5 en individ har en h\u00f6g genomsnittlig konsumtion av alkohol \u00f6ver tid eller att hen dricker mycket vid ett tillf\u00e4lle minst en g\u00e5ng per m\u00e5nad. Terminologin och diagnostiken styrs b\u00e5de av m\u00e4ngden alkohol som brukas samt hur dryckesm\u00f6nstret ser ut. Beroende \u00e4r en klinisk diagnos som kan s\u00e4ttas n\u00e4r symtomen f\u00f6r detta finns. I min praktik arbetar jag utifr\u00e5n AUDIT och har erfarenheten av att arbeta med beroende oavsett om diagnos finns eller inte.\u00a0<\/p><p>\u00a0<\/p><p>En h\u00f6g alkoholkonsumtion \u00f6ver tid skapar stora skador b\u00e5de fysiskt och psykiskt. Initialt kan alkoholen tyckas d\u00e4mpa symtom s\u00e5som stress, \u00e5ngest och oro men \u00f6ver tid brukar symtomen snarare f\u00f6rv\u00e4rras i intensitet samt \u00f6ka i frekvens.<\/p>\t\t\t\t\t\t\t\t<\/div>\n\t\t\t\t<\/div>\n\t\t\t\t<\/div>\n\t\t\t\t\t<\/div>\n\t\t\t\t<\/div>\n\t\t<div class=\"elementor-element elementor-element-10741ad e-flex e-con-boxed e-con e-child\" data-id=\"10741ad\" data-element_type=\"container\">\n\t\t\t\t\t<div class=\"e-con-inner\">\n\t\t<div class=\"elementor-element elementor-element-b4f7717 e-con-full e-flex e-con e-child\" data-id=\"b4f7717\" data-element_type=\"container\">\n\t\t\t\t<div class=\"elementor-element elementor-element-12fe6b6 elementor-widget elementor-widget-heading\" data-id=\"12fe6b6\" data-element_type=\"widget\" data-widget_type=\"heading.default\">\n\t\t\t\t<div class=\"elementor-widget-container\">\n\t\t\t\t\t<h2 class=\"elementor-heading-title elementor-size-default\">Bel\u00f6ningen blir konsumtion<\/h2>\t\t\t\t<\/div>\n\t\t\t\t<\/div>\n\t\t\t\t<div class=\"elementor-element elementor-element-b6fd018 elementor-widget elementor-widget-text-editor\" data-id=\"b6fd018\" data-element_type=\"widget\" data-widget_type=\"text-editor.default\">\n\t\t\t\t<div class=\"elementor-widget-container\">\n\t\t\t\t\t\t\t\t\t<p>V\u00e5r hj\u00e4rna \u00e4r komplex och v\u00e5rt bel\u00f6ningssystem \u00e4r i m\u00e5nga fall l\u00e4tt att trigga. Saker s\u00e5som l\u00e4kemedel, alkohol, narkotiska substanser, spel, shopping och sex triggar alla bel\u00f6ningssystemet. Effekt blir ofta en \u00f6kad konsumtion av det man triggas av f\u00f6r att lindra stress, oro och \u00e5ngest. Konsumtionen i sig skapar dock mer stress, oro och \u00e5ngest och den onda cirkeln tenderar till att snurra allt snabbare.<\/p>\n<p>Vid ett f\u00f6rsta samtal hos mig p\u00e5b\u00f6rjar vi en kartl\u00e4ggning av det du ser som problematiskt. Vid behov av andra insatser \u00e4n de som \u00e4r inom ramen f\u00f6r psykoterapi med utg\u00e5ngspunkt i KBT s\u00e5 kan det bli aktuellt f\u00f6r dig att s\u00f6ka kompletterande l\u00e4karkontakt via VC till ex.<\/p>\n<p>Om man har ett skadligt bruk av alkohol och man vill ha verktygen f\u00f6r att kontrollera sitt drickande till en mer m\u00e5ttlig konsumtion finns det m\u00f6jligheter att arbeta inom ramen f\u00f6r den specifika metoden kontrollerat drickande.<\/p><p>&nbsp;De tillf\u00e4llen som \u00e4r problematiska kartl\u00e4ggs och motivationen till f\u00f6r\u00e4ndring blir del av behandlingen. \u00c5terfallspreventiva delar tas med som ett led i att kunna uppr\u00e4tth\u00e5lla verktyg \u00f6ver tid.<\/p>\t\t\t\t\t\t\t\t<\/div>\n\t\t\t\t<\/div>\n\t\t\t\t<\/div>\n\t\t<div class=\"elementor-element elementor-element-2772968 e-con-full e-flex e-con e-child\" data-id=\"2772968\" data-element_type=\"container\" data-settings=\"{&quot;background_background&quot;:&quot;classic&quot;}\">\n\t\t<div class=\"elementor-element elementor-element-7402604 e-flex e-con-boxed e-con e-child\" data-id=\"7402604\" data-element_type=\"container\" data-settings=\"{&quot;background_background&quot;:&quot;classic&quot;}\">\n\t\t\t\t\t<div class=\"e-con-inner\">\n\t\t\t\t<div class=\"elementor-element elementor-element-0d7d58b elementor-widget elementor-widget-sidebar\" data-id=\"0d7d58b\" data-element_type=\"widget\" data-widget_type=\"sidebar.default\">\n\t\t\t\t<div class=\"elementor-widget-container\">\n\t\t\t\t\t<section id=\"text-5\" class=\"widget widget_text\"><div class=\"widget-title\">Contact me<\/div>\t\t\t<div class=\"textwidget\"><p>Call phone number: <a href=\"tel:+46707583210\" target=\"_blank\" rel=\"nofollow noopener\" data-mce-href=\"tel:+46707583210\">070-758 3210<\/a><\/p>\n<p>or send an email to:<\/p>\n<p><a href=\"mailto:jenny@terapirummetorebro.se\" data-mce-href=\"mailto:jenny@terapirummetorebro.se\">jenny@terapirummetorebro.se<\/a><\/p>\n<\/div>\n\t\t<\/section>\t\t\t\t<\/div>\n\t\t\t\t<\/div>\n\t\t\t\t\t<\/div>\n\t\t\t\t<\/div>\n\t\t\t\t<\/div>\n\t\t\t\t\t<\/div>\n\t\t\t\t<\/div>\n\t\t\t\t\t<\/div>\n\t\t\t\t<\/div>\n\t\t\t\t<\/div>\n\t\t","protected":false},"excerpt":{"rendered":"<p>Vad \u00e4r vad inom riskbruk och beroende? Riskbruk av alkohol \u00e4r i sig inte en diagnos. Riskbruk \u00e4r en terminologi som anv\u00e4nds d\u00e5 en individ har en h\u00f6g genomsnittlig konsumtion av alkohol \u00f6ver tid eller att hen dricker mycket vid ett tillf\u00e4lle minst en g\u00e5ng per m\u00e5nad. Terminologin och diagnostiken styrs b\u00e5de av m\u00e4ngden alkohol&hellip;<\/p>\n","protected":false},"author":2,"featured_media":0,"parent":0,"menu_order":0,"comment_status":"closed","ping_status":"closed","template":"","meta":{"footnotes":""},"class_list":["post-1755","page","type-page","status-publish","hentry"],"translation":{"provider":"WPGlobus","version":"3.0.1","language":"en","enabled_languages":["sv","en"],"languages":{"sv":{"title":true,"content":true,"excerpt":false},"en":{"title":false,"content":false,"excerpt":false}}},"aioseo_notices":[],"_links":{"self":[{"href":"https:\/\/terapirummetorebro.se\/en\/wp-json\/wp\/v2\/pages\/1755","targetHints":{"allow":["GET"]}}],"collection":[{"href":"https:\/\/terapirummetorebro.se\/en\/wp-json\/wp\/v2\/pages"}],"about":[{"href":"https:\/\/terapirummetorebro.se\/en\/wp-json\/wp\/v2\/types\/page"}],"author":[{"embeddable":true,"href":"https:\/\/terapirummetorebro.se\/en\/wp-json\/wp\/v2\/users\/2"}],"replies":[{"embeddable":true,"href":"https:\/\/terapirummetorebro.se\/en\/wp-json\/wp\/v2\/comments?post=1755"}],"version-history":[{"count":6,"href":"https:\/\/terapirummetorebro.se\/en\/wp-json\/wp\/v2\/pages\/1755\/revisions"}],"predecessor-version":[{"id":2699,"href":"https:\/\/terapirummetorebro.se\/en\/wp-json\/wp\/v2\/pages\/1755\/revisions\/2699"}],"wp:attachment":[{"href":"https:\/\/terapirummetorebro.se\/en\/wp-json\/wp\/v2\/media?parent=1755"}],"curies":[{"name":"wp","href":"https:\/\/api.w.org\/{rel}","templated":true}]}}