{"id":1726,"date":"2024-04-25T17:04:23","date_gmt":"2024-04-25T15:04:23","guid":{"rendered":"https:\/\/terapirummetorebro.se\/?page_id=1726"},"modified":"2024-10-30T16:37:28","modified_gmt":"2024-10-30T15:37:28","slug":"spelmissbruk","status":"publish","type":"page","link":"https:\/\/terapirummetorebro.se\/en\/spelmissbruk\/","title":{"rendered":"Spelmissbruk"},"content":{"rendered":"\t\t<div data-elementor-type=\"wp-page\" data-elementor-id=\"1726\" class=\"elementor elementor-1726\">\n\t\t\t\t<div class=\"elementor-element elementor-element-67cf578 e-flex e-con-boxed e-con e-parent\" data-id=\"67cf578\" data-element_type=\"container\">\n\t\t\t\t\t<div class=\"e-con-inner\">\n\t\t<div class=\"elementor-element elementor-element-887a686 e-flex e-con-boxed e-con e-child\" data-id=\"887a686\" data-element_type=\"container\">\n\t\t\t\t\t<div class=\"e-con-inner\">\n\t\t<div class=\"elementor-element elementor-element-e74541f e-con-full e-flex e-con e-child\" data-id=\"e74541f\" data-element_type=\"container\">\n\t\t\t\t<div class=\"elementor-element elementor-element-0e4e08c e-transform elementor-widget elementor-widget-image\" data-id=\"0e4e08c\" data-element_type=\"widget\" data-settings=\"{&quot;_transform_rotateZ_effect&quot;:{&quot;unit&quot;:&quot;px&quot;,&quot;size&quot;:&quot;&quot;,&quot;sizes&quot;:[]},&quot;_transform_rotateZ_effect_tablet&quot;:{&quot;unit&quot;:&quot;deg&quot;,&quot;size&quot;:&quot;&quot;,&quot;sizes&quot;:[]},&quot;_transform_rotateZ_effect_mobile&quot;:{&quot;unit&quot;:&quot;deg&quot;,&quot;size&quot;:&quot;&quot;,&quot;sizes&quot;:[]}}\" data-widget_type=\"image.default\">\n\t\t\t\t<div class=\"elementor-widget-container\">\n\t\t\t\t\t\t\t\t\t\t\t\t\t\t\t<img fetchpriority=\"high\" decoding=\"async\" width=\"1024\" height=\"682\" src=\"data:image\/svg+xml;charset=utf-8,%3Csvg xmlns%3D'http%3A%2F%2Fwww.w3.org%2F2000%2Fsvg' viewBox%3D'0 0 1024 682'%2F%3E\" data-src=\"https:\/\/terapirummetorebro.se\/wp-content\/uploads\/2024\/10\/spel-betting-och-spelmissbruk-1024x682.jpg\" class=\"lazy-load attachment-large size-large wp-image-2422\" alt=\"Spel, betting och spelmissbruk\" data-srcset=\"https:\/\/terapirummetorebro.se\/wp-content\/uploads\/2024\/10\/spel-betting-och-spelmissbruk-1024x682.jpg 1024w, https:\/\/terapirummetorebro.se\/wp-content\/uploads\/2024\/10\/spel-betting-och-spelmissbruk-300x200.jpg 300w, https:\/\/terapirummetorebro.se\/wp-content\/uploads\/2024\/10\/spel-betting-och-spelmissbruk-768x512.jpg 768w, https:\/\/terapirummetorebro.se\/wp-content\/uploads\/2024\/10\/spel-betting-och-spelmissbruk.jpg 1280w\" sizes=\"(max-width: 1024px) 100vw, 1024px\" \/>\t\t\t\t\t\t\t\t\t\t\t\t\t\t\t<\/div>\n\t\t\t\t<\/div>\n\t\t\t\t<\/div>\n\t\t<div class=\"elementor-element elementor-element-b8769ca e-con-full e-flex e-con e-child\" data-id=\"b8769ca\" data-element_type=\"container\">\n\t\t\t\t<div class=\"elementor-element elementor-element-58c3a94 elementor-widget elementor-widget-heading\" data-id=\"58c3a94\" data-element_type=\"widget\" data-widget_type=\"heading.default\">\n\t\t\t\t<div class=\"elementor-widget-container\">\n\t\t\t\t\t<h2 class=\"elementor-heading-title elementor-size-default\">Spelmissbruk och spelberoende f\u00e5r stora konsekvenser<\/h2>\t\t\t\t<\/div>\n\t\t\t\t<\/div>\n\t\t\t\t<div class=\"elementor-element elementor-element-40eb412 elementor-widget elementor-widget-text-editor\" data-id=\"40eb412\" data-element_type=\"widget\" data-widget_type=\"text-editor.default\">\n\t\t\t\t<div class=\"elementor-widget-container\">\n\t\t\t\t\t\t\t\t\t<p>Har du b\u00f6rjat fundera \u00f6ver ditt spelande? Har du b\u00f6rjat passera gr\u00e4nser som du satte i b\u00f6rjan av spelandet och som nu ej kan h\u00e5llas? Spelmissbruk \u00e4r en \u00f6kad problematik i samh\u00e4llet och missbruket tenderar till att krypa inp\u00e5 livet och f\u00e5 stora konsekvenser f\u00f6r individen. Det \u00e4r alltf\u00f6r l\u00e4tt att fastna och spela bort mer \u00e4n vad man har r\u00e5d med.<\/p>\t\t\t\t\t\t\t\t<\/div>\n\t\t\t\t<\/div>\n\t\t\t\t<\/div>\n\t\t\t\t\t<\/div>\n\t\t\t\t<\/div>\n\t\t<div class=\"elementor-element elementor-element-10741ad e-flex e-con-boxed e-con e-child\" data-id=\"10741ad\" data-element_type=\"container\">\n\t\t\t\t\t<div class=\"e-con-inner\">\n\t\t<div class=\"elementor-element elementor-element-b4f7717 e-con-full e-flex e-con e-child\" data-id=\"b4f7717\" data-element_type=\"container\">\n\t\t\t\t<div class=\"elementor-element elementor-element-12fe6b6 elementor-widget elementor-widget-heading\" data-id=\"12fe6b6\" data-element_type=\"widget\" data-widget_type=\"heading.default\">\n\t\t\t\t<div class=\"elementor-widget-container\">\n\t\t\t\t\t<h2 class=\"elementor-heading-title elementor-size-default\">F\u00e5 hj\u00e4lp att f\u00f6rst\u00e5 situationen<\/h2>\t\t\t\t<\/div>\n\t\t\t\t<\/div>\n\t\t\t\t<div class=\"elementor-element elementor-element-b6fd018 elementor-widget elementor-widget-text-editor\" data-id=\"b6fd018\" data-element_type=\"widget\" data-widget_type=\"text-editor.default\">\n\t\t\t\t<div class=\"elementor-widget-container\">\n\t\t\t\t\t\t\t\t\t<p>Att bli spelmissbrukare eller spelberoende \u00e4r inget man v\u00e4ljer aktivt sj\u00e4lv. I m\u00e5nga fall f\u00f6rs\u00f6ker individen l\u00f6sa saken p\u00e5 egenhand genom att f\u00f6rs\u00f6ka begr\u00e4nsa sitt spelande, ta l\u00e5n f\u00f6r att betala av spelskulder eller spela mer f\u00f6r att vinna tillbaka. Ofta blir l\u00f6sningarna kortsiktiga och ej hj\u00e4lpsamma \u00f6ver tid.<\/p><p>Att arbeta med spelberoende utg\u00e5r precis som vid annat beroende fr\u00e5n bel\u00f6ningscentrat och hur livet \u00e4r p\u00e5verkat av spelandet. En bred kartl\u00e4ggning g\u00f6rs under de f\u00f6rsta samtalen f\u00f6r att till fullo f\u00f6rst\u00e5 din situation och vilka konsekvenser spelandet har f\u00e5tt f\u00f6r dig. Under samtalens g\u00e5ng kommer vi \u00e4ven arbeta \u00e5terfallspreventivt f\u00f6r att tillgodose behoven av verktyg efter avslutad behandling. \u00a0<\/p>\t\t\t\t\t\t\t\t<\/div>\n\t\t\t\t<\/div>\n\t\t\t\t<\/div>\n\t\t<div class=\"elementor-element elementor-element-2772968 e-con-full e-flex e-con e-child\" data-id=\"2772968\" data-element_type=\"container\" data-settings=\"{&quot;background_background&quot;:&quot;classic&quot;}\">\n\t\t<div class=\"elementor-element elementor-element-7402604 e-flex e-con-boxed e-con e-child\" data-id=\"7402604\" data-element_type=\"container\" data-settings=\"{&quot;background_background&quot;:&quot;classic&quot;}\">\n\t\t\t\t\t<div class=\"e-con-inner\">\n\t\t\t\t<div class=\"elementor-element elementor-element-0d7d58b elementor-widget elementor-widget-sidebar\" data-id=\"0d7d58b\" data-element_type=\"widget\" data-widget_type=\"sidebar.default\">\n\t\t\t\t<div class=\"elementor-widget-container\">\n\t\t\t\t\t<section id=\"text-5\" class=\"widget widget_text\"><div class=\"widget-title\">Contact me<\/div>\t\t\t<div class=\"textwidget\"><p>Call phone number: <a href=\"tel:+46707583210\" target=\"_blank\" rel=\"nofollow noopener\" data-mce-href=\"tel:+46707583210\">070-758 3210<\/a><\/p>\n<p>or send an email to:<\/p>\n<p><a href=\"mailto:jenny@terapirummetorebro.se\" data-mce-href=\"mailto:jenny@terapirummetorebro.se\">jenny@terapirummetorebro.se<\/a><\/p>\n<\/div>\n\t\t<\/section>\t\t\t\t<\/div>\n\t\t\t\t<\/div>\n\t\t\t\t\t<\/div>\n\t\t\t\t<\/div>\n\t\t\t\t<\/div>\n\t\t\t\t\t<\/div>\n\t\t\t\t<\/div>\n\t\t\t\t\t<\/div>\n\t\t\t\t<\/div>\n\t\t\t\t<\/div>\n\t\t","protected":false},"excerpt":{"rendered":"<p>Spelmissbruk och spelberoende f\u00e5r stora konsekvenser Har du b\u00f6rjat fundera \u00f6ver ditt spelande? Har du b\u00f6rjat passera gr\u00e4nser som du satte i b\u00f6rjan av spelandet och som nu ej kan h\u00e5llas? Spelmissbruk \u00e4r en \u00f6kad problematik i samh\u00e4llet och missbruket tenderar till att krypa inp\u00e5 livet och f\u00e5 stora konsekvenser f\u00f6r individen. Det \u00e4r alltf\u00f6r&hellip;<\/p>\n","protected":false},"author":2,"featured_media":0,"parent":0,"menu_order":0,"comment_status":"closed","ping_status":"closed","template":"","meta":{"footnotes":""},"class_list":["post-1726","page","type-page","status-publish","hentry"],"translation":{"provider":"WPGlobus","version":"3.0.1","language":"en","enabled_languages":["sv","en"],"languages":{"sv":{"title":true,"content":true,"excerpt":false},"en":{"title":false,"content":false,"excerpt":false}}},"aioseo_notices":[],"_links":{"self":[{"href":"https:\/\/terapirummetorebro.se\/en\/wp-json\/wp\/v2\/pages\/1726","targetHints":{"allow":["GET"]}}],"collection":[{"href":"https:\/\/terapirummetorebro.se\/en\/wp-json\/wp\/v2\/pages"}],"about":[{"href":"https:\/\/terapirummetorebro.se\/en\/wp-json\/wp\/v2\/types\/page"}],"author":[{"embeddable":true,"href":"https:\/\/terapirummetorebro.se\/en\/wp-json\/wp\/v2\/users\/2"}],"replies":[{"embeddable":true,"href":"https:\/\/terapirummetorebro.se\/en\/wp-json\/wp\/v2\/comments?post=1726"}],"version-history":[{"count":6,"href":"https:\/\/terapirummetorebro.se\/en\/wp-json\/wp\/v2\/pages\/1726\/revisions"}],"predecessor-version":[{"id":2428,"href":"https:\/\/terapirummetorebro.se\/en\/wp-json\/wp\/v2\/pages\/1726\/revisions\/2428"}],"wp:attachment":[{"href":"https:\/\/terapirummetorebro.se\/en\/wp-json\/wp\/v2\/media?parent=1726"}],"curies":[{"name":"wp","href":"https:\/\/api.w.org\/{rel}","templated":true}]}}