{"id":1641,"date":"2024-04-07T17:12:35","date_gmt":"2024-04-07T15:12:35","guid":{"rendered":"https:\/\/terapirummetorebro.se\/?page_id=1641"},"modified":"2024-05-07T15:13:46","modified_gmt":"2024-05-07T13:13:46","slug":"villkor","status":"publish","type":"page","link":"https:\/\/terapirummetorebro.se\/en\/villkor\/","title":{"rendered":"Allm\u00e4nna villkor"},"content":{"rendered":"\t\t<div data-elementor-type=\"wp-page\" data-elementor-id=\"1641\" class=\"elementor elementor-1641\">\n\t\t\t\t<div class=\"elementor-element elementor-element-2ed1155 e-flex e-con-boxed e-con e-parent\" data-id=\"2ed1155\" data-element_type=\"container\">\n\t\t\t\t\t<div class=\"e-con-inner\">\n\t\t\t\t<div class=\"elementor-element elementor-element-034d4e5 elementor-widget elementor-widget-heading\" data-id=\"034d4e5\" data-element_type=\"widget\" data-widget_type=\"heading.default\">\n\t\t\t\t<div class=\"elementor-widget-container\">\n\t\t\t\t\t<h2 class=\"elementor-heading-title elementor-size-default\">Villkor<\/h2>\t\t\t\t<\/div>\n\t\t\t\t<\/div>\n\t\t\t\t<div class=\"elementor-element elementor-element-ea910cd elementor-widget elementor-widget-text-editor\" data-id=\"ea910cd\" data-element_type=\"widget\" data-widget_type=\"text-editor.default\">\n\t\t\t\t<div class=\"elementor-widget-container\">\n\t\t\t\t\t\t\t\t\t<p>Terapirummet \u00d6rebro<\/p><p>L\u00f6vstagatan 7<\/p><p>703 56 \u00d6rebro<\/p>\t\t\t\t\t\t\t\t<\/div>\n\t\t\t\t<\/div>\n\t\t\t\t<div class=\"elementor-element elementor-element-d57ba68 elementor-widget elementor-widget-spacer\" data-id=\"d57ba68\" data-element_type=\"widget\" data-widget_type=\"spacer.default\">\n\t\t\t\t<div class=\"elementor-widget-container\">\n\t\t\t\t\t\t\t<div class=\"elementor-spacer\">\n\t\t\t<div class=\"elementor-spacer-inner\"><\/div>\n\t\t<\/div>\n\t\t\t\t\t\t<\/div>\n\t\t\t\t<\/div>\n\t\t\t\t\t<\/div>\n\t\t\t\t<\/div>\n\t\t<div class=\"elementor-element elementor-element-f926a69 e-flex e-con-boxed e-con e-parent\" data-id=\"f926a69\" data-element_type=\"container\">\n\t\t\t\t\t<div class=\"e-con-inner\">\n\t\t\t\t<div class=\"elementor-element elementor-element-1ee9d8f elementor-widget elementor-widget-heading\" data-id=\"1ee9d8f\" data-element_type=\"widget\" data-widget_type=\"heading.default\">\n\t\t\t\t<div class=\"elementor-widget-container\">\n\t\t\t\t\t<h2 class=\"elementor-heading-title elementor-size-default\">Cookies<\/h2>\t\t\t\t<\/div>\n\t\t\t\t<\/div>\n\t\t\t\t<div class=\"elementor-element elementor-element-ca02945 elementor-widget elementor-widget-text-editor\" data-id=\"ca02945\" data-element_type=\"widget\" data-widget_type=\"text-editor.default\">\n\t\t\t\t<div class=\"elementor-widget-container\">\n\t\t\t\t\t\t\t\t\t<p>P\u00e5 Terapirummet \u00d6rebro \u00e4r vi engagerade i att f\u00f6rb\u00e4ttra din upplevelse p\u00e5 v\u00e5r webbplats. F\u00f6r att g\u00f6ra detta anv\u00e4nder vi cookies \u2013 sm\u00e5 textfiler som placeras p\u00e5 din enhet f\u00f6r att hj\u00e4lpa webbplatsen att analysera hur bes\u00f6kare anv\u00e4nder sidan och f\u00f6r att erbjuda en personanpassad anv\u00e4ndarupplevelse.<\/p><h3>Varf\u00f6r anv\u00e4nder vi cookies?<\/h3><p>\u00a0<\/p><p>Cookies hj\u00e4lper oss att:<\/p><ul><li>F\u00f6rst\u00e5 och spara anv\u00e4ndarpreferenser f\u00f6r framtida bes\u00f6k.<\/li><li>Samla in aggregerad data om webbplatstrafik och webbplatsinteraktioner f\u00f6r att erbjuda b\u00e4ttre webbplatsupplevelser och verktyg i framtiden.<\/li><li>Anpassa inneh\u00e5ll och annonsering baserat p\u00e5 dina tidigare bes\u00f6k och interaktioner.<\/li><li>\u00a0<\/li><\/ul><p>Du har m\u00f6jlighet att acceptera eller avvisa cookies. De flesta webbl\u00e4sare accepterar cookies automatiskt, men du kan vanligtvis modifiera din webbl\u00e4sares inst\u00e4llning f\u00f6r att avvisa cookies om du f\u00f6redrar. Observera dock att om du v\u00e4ljer att avvisa cookies, kanske du inte kommer att kunna anv\u00e4nda alla funktioner p\u00e5 v\u00e5r webbplats fullt ut.<\/p><p>Genom att forts\u00e4tta anv\u00e4nda v\u00e5r webbplats samtycker du till v\u00e5r anv\u00e4ndning av cookies.<\/p>\t\t\t\t\t\t\t\t<\/div>\n\t\t\t\t<\/div>\n\t\t\t\t<div class=\"elementor-element elementor-element-ef02e07 elementor-widget elementor-widget-spacer\" data-id=\"ef02e07\" data-element_type=\"widget\" data-widget_type=\"spacer.default\">\n\t\t\t\t<div class=\"elementor-widget-container\">\n\t\t\t\t\t\t\t<div class=\"elementor-spacer\">\n\t\t\t<div class=\"elementor-spacer-inner\"><\/div>\n\t\t<\/div>\n\t\t\t\t\t\t<\/div>\n\t\t\t\t<\/div>\n\t\t\t\t\t<\/div>\n\t\t\t\t<\/div>\n\t\t\t\t<\/div>\n\t\t","protected":false},"excerpt":{"rendered":"<p>Villkor Terapirummet \u00d6rebro L\u00f6vstagatan 7 703 56 \u00d6rebro Cookies P\u00e5 Terapirummet \u00d6rebro \u00e4r vi engagerade i att f\u00f6rb\u00e4ttra din upplevelse p\u00e5 v\u00e5r webbplats. F\u00f6r att g\u00f6ra detta anv\u00e4nder vi cookies \u2013 sm\u00e5 textfiler som placeras p\u00e5 din enhet f\u00f6r att hj\u00e4lpa webbplatsen att analysera hur bes\u00f6kare anv\u00e4nder sidan och f\u00f6r att erbjuda en personanpassad anv\u00e4ndarupplevelse.&hellip;<\/p>\n","protected":false},"author":2,"featured_media":0,"parent":0,"menu_order":0,"comment_status":"closed","ping_status":"closed","template":"","meta":{"footnotes":""},"class_list":["post-1641","page","type-page","status-publish","hentry"],"translation":{"provider":"WPGlobus","version":"3.0.1","language":"en","enabled_languages":["sv","en"],"languages":{"sv":{"title":true,"content":true,"excerpt":false},"en":{"title":false,"content":false,"excerpt":false}}},"aioseo_notices":[],"_links":{"self":[{"href":"https:\/\/terapirummetorebro.se\/en\/wp-json\/wp\/v2\/pages\/1641","targetHints":{"allow":["GET"]}}],"collection":[{"href":"https:\/\/terapirummetorebro.se\/en\/wp-json\/wp\/v2\/pages"}],"about":[{"href":"https:\/\/terapirummetorebro.se\/en\/wp-json\/wp\/v2\/types\/page"}],"author":[{"embeddable":true,"href":"https:\/\/terapirummetorebro.se\/en\/wp-json\/wp\/v2\/users\/2"}],"replies":[{"embeddable":true,"href":"https:\/\/terapirummetorebro.se\/en\/wp-json\/wp\/v2\/comments?post=1641"}],"version-history":[{"count":5,"href":"https:\/\/terapirummetorebro.se\/en\/wp-json\/wp\/v2\/pages\/1641\/revisions"}],"predecessor-version":[{"id":1909,"href":"https:\/\/terapirummetorebro.se\/en\/wp-json\/wp\/v2\/pages\/1641\/revisions\/1909"}],"wp:attachment":[{"href":"https:\/\/terapirummetorebro.se\/en\/wp-json\/wp\/v2\/media?parent=1641"}],"curies":[{"name":"wp","href":"https:\/\/api.w.org\/{rel}","templated":true}]}}