{"id":11,"date":"2022-04-08T00:28:00","date_gmt":"2022-04-07T22:28:00","guid":{"rendered":"https:\/\/terapirummetorebro.se\/?page_id=11"},"modified":"2025-12-11T14:14:52","modified_gmt":"2025-12-11T13:14:52","slug":"vad-ar-kbt","status":"publish","type":"page","link":"https:\/\/terapirummetorebro.se\/en\/vad-ar-kbt\/","title":{"rendered":"Vad \u00e4r KBT"},"content":{"rendered":"\t\t<div data-elementor-type=\"wp-page\" data-elementor-id=\"11\" class=\"elementor elementor-11\">\n\t\t\t\t\t\t<section class=\"elementor-section elementor-top-section elementor-element elementor-element-0baa86f elementor-section-boxed elementor-section-height-default elementor-section-height-default\" data-id=\"0baa86f\" data-element_type=\"section\">\n\t\t\t\t\t\t<div class=\"elementor-container elementor-column-gap-default\">\n\t\t\t\t\t<div class=\"elementor-column elementor-col-100 elementor-top-column elementor-element elementor-element-c71851a\" data-id=\"c71851a\" data-element_type=\"column\">\n\t\t\t<div class=\"elementor-widget-wrap elementor-element-populated\">\n\t\t\t\t\t\t<div class=\"elementor-element elementor-element-3a57b9e elementor-widget elementor-widget-spacer\" data-id=\"3a57b9e\" data-element_type=\"widget\" data-widget_type=\"spacer.default\">\n\t\t\t\t<div class=\"elementor-widget-container\">\n\t\t\t\t\t\t\t<div class=\"elementor-spacer\">\n\t\t\t<div class=\"elementor-spacer-inner\"><\/div>\n\t\t<\/div>\n\t\t\t\t\t\t<\/div>\n\t\t\t\t<\/div>\n\t\t\t\t\t<\/div>\n\t\t<\/div>\n\t\t\t\t\t<\/div>\n\t\t<\/section>\n\t\t<div class=\"elementor-element elementor-element-59c4136 e-flex e-con-boxed e-con e-parent\" data-id=\"59c4136\" data-element_type=\"container\">\n\t\t\t\t\t<div class=\"e-con-inner\">\n\t\t<div class=\"elementor-element elementor-element-1a99dd1 e-con-full e-flex e-con e-child\" data-id=\"1a99dd1\" data-element_type=\"container\">\n\t\t\t\t<div class=\"elementor-element elementor-element-c2749b5 elementor-widget elementor-widget-heading\" data-id=\"c2749b5\" data-element_type=\"widget\" data-widget_type=\"heading.default\">\n\t\t\t\t<div class=\"elementor-widget-container\">\n\t\t\t\t\t<h2 class=\"elementor-heading-title elementor-size-default\">Effektiv och m\u00e5lmedveten KBT-terapi f\u00f6r \u00f6kad livskvalitet<\/h2>\t\t\t\t<\/div>\n\t\t\t\t<\/div>\n\t\t\t\t<div class=\"elementor-element elementor-element-bfbe7e1 elementor-widget elementor-widget-text-editor\" data-id=\"bfbe7e1\" data-element_type=\"widget\" data-widget_type=\"text-editor.default\">\n\t\t\t\t<div class=\"elementor-widget-container\">\n\t\t\t\t\t\t\t\t\t<p>KBT (Kognitiv Beteendeterapi) \u00e4r ett m\u00e5linriktat s\u00e4tt att arbeta. Samtalen leds av en erfaren <a title=\"Vad \u00e4r en KBT-terapeut?\" href=\"https:\/\/terapirummetorebro.se\/vad-ar-en-kbt-terapeut\/\">KBT-terapeut<\/a>, vars roll \u00e4r att guida och st\u00f6dja dig genom hela processen. I de initiala samtalen g\u00f6r terapeuten en noggrann kartl\u00e4ggning f\u00f6r att f\u00f6rst\u00e5 dina unika behov. Utifr\u00e5n denna information, best\u00e4mmer ni tillsammans om l\u00e4ngden p\u00e5 terapin, vilket utg\u00e5r fr\u00e5n de rekommendationer terapeuten kommer att ge dig. N\u00e4r du vill p\u00e5b\u00f6rja KBT-terapi med fokus p\u00e5 att minska lidande och \u00f6ka livskvalitet, kommer terapeuten att ta h\u00e4nsyn till dina livserfarenheter och de f\u00f6ruts\u00e4ttningar de har skapat f\u00f6r dig idag.<\/p>\t\t\t\t\t\t\t\t<\/div>\n\t\t\t\t<\/div>\n\t\t\t\t<\/div>\n\t\t<div class=\"elementor-element elementor-element-cc0fba3 e-con-full e-flex e-con e-child\" data-id=\"cc0fba3\" data-element_type=\"container\">\n\t\t\t\t<div class=\"elementor-element elementor-element-7d4a2ed elementor-widget elementor-widget-image\" data-id=\"7d4a2ed\" data-element_type=\"widget\" data-widget_type=\"image.default\">\n\t\t\t\t<div class=\"elementor-widget-container\">\n\t\t\t\t\t\t\t\t\t\t\t\t\t\t\t<img fetchpriority=\"high\" decoding=\"async\" width=\"1024\" height=\"682\" src=\"https:\/\/terapirummetorebro.se\/wp-content\/uploads\/2024\/09\/hands-1445244_1280-1024x682.jpg\" class=\"attachment-large size-large wp-image-2176\" alt=\"\" srcset=\"https:\/\/terapirummetorebro.se\/wp-content\/uploads\/2024\/09\/hands-1445244_1280-1024x682.jpg 1024w, https:\/\/terapirummetorebro.se\/wp-content\/uploads\/2024\/09\/hands-1445244_1280-300x200.jpg 300w, https:\/\/terapirummetorebro.se\/wp-content\/uploads\/2024\/09\/hands-1445244_1280-768x512.jpg 768w, https:\/\/terapirummetorebro.se\/wp-content\/uploads\/2024\/09\/hands-1445244_1280.jpg 1280w\" sizes=\"(max-width: 1024px) 100vw, 1024px\" \/>\t\t\t\t\t\t\t\t\t\t\t\t\t\t\t<\/div>\n\t\t\t\t<\/div>\n\t\t\t\t<\/div>\n\t\t\t\t\t<\/div>\n\t\t\t\t<\/div>\n\t\t\t\t<section class=\"elementor-section elementor-top-section elementor-element elementor-element-5a2b114 elementor-section-boxed elementor-section-height-default elementor-section-height-default\" data-id=\"5a2b114\" data-element_type=\"section\">\n\t\t\t\t\t\t<div class=\"elementor-container elementor-column-gap-default\">\n\t\t\t\t\t<div class=\"elementor-column elementor-col-100 elementor-top-column elementor-element elementor-element-2b89192\" data-id=\"2b89192\" data-element_type=\"column\">\n\t\t\t<div class=\"elementor-widget-wrap elementor-element-populated\">\n\t\t\t\t\t\t<div class=\"elementor-element elementor-element-de7a9f5 elementor-widget elementor-widget-spacer\" data-id=\"de7a9f5\" data-element_type=\"widget\" data-widget_type=\"spacer.default\">\n\t\t\t\t<div class=\"elementor-widget-container\">\n\t\t\t\t\t\t\t<div class=\"elementor-spacer\">\n\t\t\t<div class=\"elementor-spacer-inner\"><\/div>\n\t\t<\/div>\n\t\t\t\t\t\t<\/div>\n\t\t\t\t<\/div>\n\t\t\t\t\t<\/div>\n\t\t<\/div>\n\t\t\t\t\t<\/div>\n\t\t<\/section>\n\t\t<div class=\"elementor-element elementor-element-847576c e-flex e-con-boxed e-con e-parent\" data-id=\"847576c\" data-element_type=\"container\">\n\t\t\t\t\t<div class=\"e-con-inner\">\n\t\t<div class=\"elementor-element elementor-element-4b208a7 e-con-full e-flex e-con e-child\" data-id=\"4b208a7\" data-element_type=\"container\">\n\t\t\t\t<div class=\"elementor-element elementor-element-b09f549 elementor-widget elementor-widget-image\" data-id=\"b09f549\" data-element_type=\"widget\" data-widget_type=\"image.default\">\n\t\t\t\t<div class=\"elementor-widget-container\">\n\t\t\t\t\t\t\t\t\t\t\t\t\t\t\t<img decoding=\"async\" width=\"1024\" height=\"682\" src=\"https:\/\/terapirummetorebro.se\/wp-content\/uploads\/2024\/08\/hands-4114905_1280-1024x682.jpg\" class=\"attachment-large size-large wp-image-2128\" alt=\"\" srcset=\"https:\/\/terapirummetorebro.se\/wp-content\/uploads\/2024\/08\/hands-4114905_1280-1024x682.jpg 1024w, https:\/\/terapirummetorebro.se\/wp-content\/uploads\/2024\/08\/hands-4114905_1280-300x200.jpg 300w, https:\/\/terapirummetorebro.se\/wp-content\/uploads\/2024\/08\/hands-4114905_1280-768x512.jpg 768w, https:\/\/terapirummetorebro.se\/wp-content\/uploads\/2024\/08\/hands-4114905_1280.jpg 1280w\" sizes=\"(max-width: 1024px) 100vw, 1024px\" \/>\t\t\t\t\t\t\t\t\t\t\t\t\t\t\t<\/div>\n\t\t\t\t<\/div>\n\t\t\t\t<\/div>\n\t\t<div class=\"elementor-element elementor-element-d4cb3a3 e-con-full e-flex e-con e-child\" data-id=\"d4cb3a3\" data-element_type=\"container\">\n\t\t\t\t<div class=\"elementor-element elementor-element-820c21f elementor-widget elementor-widget-heading\" data-id=\"820c21f\" data-element_type=\"widget\" data-widget_type=\"heading.default\">\n\t\t\t\t<div class=\"elementor-widget-container\">\n\t\t\t\t\t<h2 class=\"elementor-heading-title elementor-size-default\">M\u00f6ten som skapar f\u00f6r\u00e4ndring<\/h2>\t\t\t\t<\/div>\n\t\t\t\t<\/div>\n\t\t\t\t<div class=\"elementor-element elementor-element-32f100f elementor-widget elementor-widget-text-editor\" data-id=\"32f100f\" data-element_type=\"widget\" data-widget_type=\"text-editor.default\">\n\t\t\t\t<div class=\"elementor-widget-container\">\n\t\t\t\t\t\t\t\t\t<p>I m\u00f6tet oss emellan sker det som p\u00e5 sikt har m\u00f6jlighet att skapa f\u00f6r\u00e4ndring. Ett f\u00f6rsta steg \u00e4r n\u00e4r du tar kontakt f\u00f6r samtal med fokus p\u00e5 KBT. Jag arbetar \u00e4ven med schematerapeutiska verktyg och anpassar samtalen utifr\u00e5n dina specifika behov f\u00f6r att skapa f\u00f6r\u00e4ndring. L\u00e4s mer om hur en <a title=\"Vad g\u00f6r en KBT-terapeut?\" href=\"https:\/\/terapirummetorebro.se\/vad-ar-en-kbt-terapeut\/\">KBT-terapeut<\/a> kan st\u00f6dja dig i din process.<\/p>\t\t\t\t\t\t\t\t<\/div>\n\t\t\t\t<\/div>\n\t\t\t\t<\/div>\n\t\t\t\t\t<\/div>\n\t\t\t\t<\/div>\n\t\t\t\t<section class=\"elementor-section elementor-top-section elementor-element elementor-element-1c46f18 elementor-section-boxed elementor-section-height-default elementor-section-height-default\" data-id=\"1c46f18\" data-element_type=\"section\">\n\t\t\t\t\t\t<div class=\"elementor-container elementor-column-gap-default\">\n\t\t\t\t\t<div class=\"elementor-column elementor-col-100 elementor-top-column elementor-element elementor-element-62f93ea\" data-id=\"62f93ea\" data-element_type=\"column\">\n\t\t\t<div class=\"elementor-widget-wrap elementor-element-populated\">\n\t\t\t\t\t\t<div class=\"elementor-element elementor-element-27607cb elementor-widget elementor-widget-spacer\" data-id=\"27607cb\" data-element_type=\"widget\" data-widget_type=\"spacer.default\">\n\t\t\t\t<div class=\"elementor-widget-container\">\n\t\t\t\t\t\t\t<div class=\"elementor-spacer\">\n\t\t\t<div class=\"elementor-spacer-inner\"><\/div>\n\t\t<\/div>\n\t\t\t\t\t\t<\/div>\n\t\t\t\t<\/div>\n\t\t\t\t\t<\/div>\n\t\t<\/div>\n\t\t\t\t\t<\/div>\n\t\t<\/section>\n\t\t<div class=\"elementor-element elementor-element-e677897 e-flex e-con-boxed e-con e-parent\" data-id=\"e677897\" data-element_type=\"container\">\n\t\t\t\t\t<div class=\"e-con-inner\">\n\t\t<div class=\"elementor-element elementor-element-2f12b9a e-con-full e-flex e-con e-child\" data-id=\"2f12b9a\" data-element_type=\"container\">\n\t\t\t\t<div class=\"elementor-element elementor-element-a7db3a6 elementor-widget elementor-widget-heading\" data-id=\"a7db3a6\" data-element_type=\"widget\" data-widget_type=\"heading.default\">\n\t\t\t\t<div class=\"elementor-widget-container\">\n\t\t\t\t\t<h3 class=\"elementor-heading-title elementor-size-default\">KBT \u00e4r effektivt och rekommenderat<\/h3>\t\t\t\t<\/div>\n\t\t\t\t<\/div>\n\t\t\t\t<div class=\"elementor-element elementor-element-cbbe1f7 elementor-widget elementor-widget-text-editor\" data-id=\"cbbe1f7\" data-element_type=\"widget\" data-widget_type=\"text-editor.default\">\n\t\t\t\t<div class=\"elementor-widget-container\">\n\t\t\t\t\t\t\t\t\t<p>KBT visar p\u00e5 goda resultat bland annat vid behandling av social fobi, specifika fobier, beroendeproblematik, stressrelaterade symtom samt f\u00f6r personlig utveckling. KBT \u00e4r rekommenderat av socialstyrelsen som behandlingsmetod f\u00f6r en idag ej begr\u00e4nsad m\u00e5lgrupp vilket du kan <a href=\"https:\/\/www.socialstyrelsen.se\/kunskapsstod-och-regler\/omraden\/evidensbaserad-praktik\/metodguiden\/kbt-kognitiv-beteendeterapi\/\" target=\"_blank\" rel=\"nofollow noopener\">l\u00e4sa mer om h\u00e4r.<\/a><\/p>\t\t\t\t\t\t\t\t<\/div>\n\t\t\t\t<\/div>\n\t\t\t\t<\/div>\n\t\t<div class=\"elementor-element elementor-element-152673b e-con-full e-flex e-con e-child\" data-id=\"152673b\" data-element_type=\"container\">\n\t\t\t\t<div class=\"elementor-element elementor-element-85e376f elementor-widget elementor-widget-image\" data-id=\"85e376f\" data-element_type=\"widget\" data-widget_type=\"image.default\">\n\t\t\t\t<div class=\"elementor-widget-container\">\n\t\t\t\t\t\t\t\t\t\t\t\t\t\t\t<img decoding=\"async\" width=\"1024\" height=\"682\" src=\"https:\/\/terapirummetorebro.se\/wp-content\/uploads\/2024\/08\/love-2055372_1280-1024x682.jpg\" class=\"attachment-large size-large wp-image-2127\" alt=\"\" srcset=\"https:\/\/terapirummetorebro.se\/wp-content\/uploads\/2024\/08\/love-2055372_1280-1024x682.jpg 1024w, https:\/\/terapirummetorebro.se\/wp-content\/uploads\/2024\/08\/love-2055372_1280-300x200.jpg 300w, https:\/\/terapirummetorebro.se\/wp-content\/uploads\/2024\/08\/love-2055372_1280-768x512.jpg 768w, https:\/\/terapirummetorebro.se\/wp-content\/uploads\/2024\/08\/love-2055372_1280.jpg 1280w\" sizes=\"(max-width: 1024px) 100vw, 1024px\" \/>\t\t\t\t\t\t\t\t\t\t\t\t\t\t\t<\/div>\n\t\t\t\t<\/div>\n\t\t\t\t<\/div>\n\t\t\t\t\t<\/div>\n\t\t\t\t<\/div>\n\t\t\t\t<section class=\"elementor-section elementor-top-section elementor-element elementor-element-9c4ef64 elementor-section-boxed elementor-section-height-default elementor-section-height-default\" data-id=\"9c4ef64\" data-element_type=\"section\">\n\t\t\t\t\t\t<div class=\"elementor-container elementor-column-gap-default\">\n\t\t\t\t\t<div class=\"elementor-column elementor-col-100 elementor-top-column elementor-element elementor-element-a1e824c\" data-id=\"a1e824c\" data-element_type=\"column\">\n\t\t\t<div class=\"elementor-widget-wrap elementor-element-populated\">\n\t\t\t\t\t\t<div class=\"elementor-element elementor-element-ae045f2 elementor-widget elementor-widget-spacer\" data-id=\"ae045f2\" data-element_type=\"widget\" data-widget_type=\"spacer.default\">\n\t\t\t\t<div class=\"elementor-widget-container\">\n\t\t\t\t\t\t\t<div class=\"elementor-spacer\">\n\t\t\t<div class=\"elementor-spacer-inner\"><\/div>\n\t\t<\/div>\n\t\t\t\t\t\t<\/div>\n\t\t\t\t<\/div>\n\t\t\t\t\t<\/div>\n\t\t<\/div>\n\t\t\t\t\t<\/div>\n\t\t<\/section>\n\t\t\t\t<section class=\"elementor-section elementor-top-section elementor-element elementor-element-fa5e8a9 elementor-section-content-middle elementor-section-boxed elementor-section-height-default elementor-section-height-default\" data-id=\"fa5e8a9\" data-element_type=\"section\">\n\t\t\t\t\t\t<div class=\"elementor-container elementor-column-gap-default\">\n\t\t\t\t\t<div class=\"elementor-column elementor-col-100 elementor-top-column elementor-element elementor-element-81dd24b\" data-id=\"81dd24b\" data-element_type=\"column\">\n\t\t\t<div class=\"elementor-widget-wrap elementor-element-populated\">\n\t\t\t\t\t\t<div class=\"elementor-element elementor-element-29db3fc elementor-widget elementor-widget-heading\" data-id=\"29db3fc\" data-element_type=\"widget\" data-widget_type=\"heading.default\">\n\t\t\t\t<div class=\"elementor-widget-container\">\n\t\t\t\t\t<h3 class=\"elementor-heading-title elementor-size-default\">KBT \u00e4r en evidensbaserad samtalsmetodik som utg\u00e5r fr\u00e5n tanke-k\u00e4nsla-handling<\/h3>\t\t\t\t<\/div>\n\t\t\t\t<\/div>\n\t\t\t\t<div class=\"elementor-element elementor-element-db742c8 elementor-widget elementor-widget-text-editor\" data-id=\"db742c8\" data-element_type=\"widget\" data-widget_type=\"text-editor.default\">\n\t\t\t\t<div class=\"elementor-widget-container\">\n\t\t\t\t\t\t\t\t\t<p>Centralt i terapins metodik ligger att skapa f\u00f6rst\u00e5else mellan det som sker i sambandet mellan de tankar du har, de k\u00e4nslor tankarna skapar samt vilka beteenden som f\u00f6ljer. Genom att belysa detta samt ge dig verktyg f\u00f6r att skapa distans, acceptera och f\u00f6r\u00e4ndra det du \u00f6nskar f\u00f6r\u00e4ndra, kan vi tillsammans genom KBT forma ett nytt ramverk f\u00f6r dina f\u00f6rh\u00e5llningss\u00e4tt till det som p\u00e5g\u00e5r. Utforska mer om rollen som <a title=\"L\u00e4s om KBT-terapeutens roll\" href=\"https:\/\/terapirummetorebro.se\/vad-ar-en-kbt-terapeut\/\">KBT-terapeuten<\/a> spelar i denna process.<\/p>\t\t\t\t\t\t\t\t<\/div>\n\t\t\t\t<\/div>\n\t\t\t\t\t<\/div>\n\t\t<\/div>\n\t\t\t\t\t<\/div>\n\t\t<\/section>\n\t\t\t\t<section class=\"elementor-section elementor-top-section elementor-element elementor-element-744f1e8 elementor-section-boxed elementor-section-height-default elementor-section-height-default\" data-id=\"744f1e8\" data-element_type=\"section\">\n\t\t\t\t\t\t<div class=\"elementor-container elementor-column-gap-default\">\n\t\t\t\t\t<div class=\"elementor-column elementor-col-100 elementor-top-column elementor-element elementor-element-8d8307c\" data-id=\"8d8307c\" data-element_type=\"column\">\n\t\t\t<div class=\"elementor-widget-wrap elementor-element-populated\">\n\t\t\t\t\t\t<div class=\"elementor-element elementor-element-a48906b elementor-widget elementor-widget-spacer\" data-id=\"a48906b\" data-element_type=\"widget\" data-widget_type=\"spacer.default\">\n\t\t\t\t<div class=\"elementor-widget-container\">\n\t\t\t\t\t\t\t<div class=\"elementor-spacer\">\n\t\t\t<div class=\"elementor-spacer-inner\"><\/div>\n\t\t<\/div>\n\t\t\t\t\t\t<\/div>\n\t\t\t\t<\/div>\n\t\t\t\t\t<\/div>\n\t\t<\/div>\n\t\t\t\t\t<\/div>\n\t\t<\/section>\n\t\t\t\t<\/div>\n\t\t","protected":false},"excerpt":{"rendered":"<p>Effektiv och m\u00e5lmedveten KBT-terapi f\u00f6r \u00f6kad livskvalitet KBT (Kognitiv Beteendeterapi) \u00e4r ett m\u00e5linriktat s\u00e4tt att arbeta. Samtalen leds av en erfaren KBT-terapeut, vars roll \u00e4r att guida och st\u00f6dja dig genom hela processen. I de initiala samtalen g\u00f6r terapeuten en noggrann kartl\u00e4ggning f\u00f6r att f\u00f6rst\u00e5 dina unika behov. Utifr\u00e5n denna information, best\u00e4mmer ni tillsammans om&hellip;<\/p>\n","protected":false},"author":2,"featured_media":0,"parent":0,"menu_order":-8,"comment_status":"closed","ping_status":"closed","template":"","meta":{"footnotes":""},"class_list":["post-11","page","type-page","status-publish","hentry"],"translation":{"provider":"WPGlobus","version":"3.0.1","language":"en","enabled_languages":["sv","en"],"languages":{"sv":{"title":true,"content":true,"excerpt":false},"en":{"title":false,"content":false,"excerpt":false}}},"aioseo_notices":[],"_links":{"self":[{"href":"https:\/\/terapirummetorebro.se\/en\/wp-json\/wp\/v2\/pages\/11","targetHints":{"allow":["GET"]}}],"collection":[{"href":"https:\/\/terapirummetorebro.se\/en\/wp-json\/wp\/v2\/pages"}],"about":[{"href":"https:\/\/terapirummetorebro.se\/en\/wp-json\/wp\/v2\/types\/page"}],"author":[{"embeddable":true,"href":"https:\/\/terapirummetorebro.se\/en\/wp-json\/wp\/v2\/users\/2"}],"replies":[{"embeddable":true,"href":"https:\/\/terapirummetorebro.se\/en\/wp-json\/wp\/v2\/comments?post=11"}],"version-history":[{"count":6,"href":"https:\/\/terapirummetorebro.se\/en\/wp-json\/wp\/v2\/pages\/11\/revisions"}],"predecessor-version":[{"id":2786,"href":"https:\/\/terapirummetorebro.se\/en\/wp-json\/wp\/v2\/pages\/11\/revisions\/2786"}],"wp:attachment":[{"href":"https:\/\/terapirummetorebro.se\/en\/wp-json\/wp\/v2\/media?parent=11"}],"curies":[{"name":"wp","href":"https:\/\/api.w.org\/{rel}","templated":true}]}}